{"id":569852,"date":"2025-03-06T22:56:14","date_gmt":"2025-03-06T21:56:14","guid":{"rendered":"https:\/\/tilefly.com\/producto\/deep-blue-pink-15x15\/"},"modified":"2025-03-10T13:35:10","modified_gmt":"2025-03-10T12:35:10","slug":"deep-blue-pink-15x15","status":"publish","type":"product","link":"https:\/\/tilefly.com\/de\/produkt\/deep-blue-pink-15x15\/","title":{"rendered":"DEEP BLUE PINK 15X15"},"content":{"rendered":"<h2><strong>TIEFBLAU ROSA 15X15<\/strong><\/h2><p>Entdecken Sie nat\u00fcrliche Sch\u00f6nheit mit der Fliese DEEP BLUE PINK 15X15. Diese Bodenfliese aus Feinsteinzeug im Format 15&#215;15 mit einem Design, das Stein imitiert, bringt einen Hauch von Raffinesse und Realismus in Ihre R\u00e4ume. Ihre matte Oberfl\u00e4che unterstreicht die Nat\u00fcrlichkeit des Steins, w\u00e4hrend die Adern in dunklen Graut\u00f6nen mit dezenten rosa Akzenten einen einzigartigen und eleganten optischen Effekt erzeugen. Ideal f\u00fcr alle, die einen modernen und nat\u00fcrlichen Stil f\u00fcr B\u00f6den oder W\u00e4nde in Innenr\u00e4umen suchen. Inspirationen und weitere Optionen zur Erg\u00e4nzung Ihres Designs finden Sie in der Serie <a href=\"https:\/\/tilefly.com\/producto\/deep-blue\">DEEP BLUE<\/a>.    <\/p>","protected":false},"excerpt":{"rendered":"<p>TIEFBLAU ROSA 15X15Entdecken Sie nat\u00fcrliche Sch\u00f6nheit mit der Fliese DEEP BLUE PINK 15X15. Diese Bodenfliese aus Feinsteinzeug im Format 15&#215;15 mit einem Design, das Stein imitiert, bringt einen Hauch von Raffinesse und Realismus in Ihre R\u00e4ume. Ihre matte Oberfl\u00e4che unterstreicht die Nat\u00fcrlichkeit des Steins, w\u00e4hrend die Adern in dunklen Graut\u00f6nen mit dezenten rosa Akzenten einen [&hellip;]<\/p>\n","protected":false},"featured_media":569633,"comment_status":"open","ping_status":"closed","template":"","meta":[],"product_brand":[],"product_cat":[457,458,456,459],"product_tag":[],"class_list":{"0":"post-569852","1":"product","2":"type-product","3":"status-publish","4":"has-post-thumbnail","6":"product_cat-badezimmer","7":"product_cat-kuchen","8":"product_cat-vohnzimmer","9":"product_cat-wandfliesen","11":"first","12":"instock","13":"shipping-taxable","14":"purchasable","15":"product-type-simple"},"_links":{"self":[{"href":"https:\/\/tilefly.com\/de\/wp-json\/wp\/v2\/product\/569852","targetHints":{"allow":["GET"]}}],"collection":[{"href":"https:\/\/tilefly.com\/de\/wp-json\/wp\/v2\/product"}],"about":[{"href":"https:\/\/tilefly.com\/de\/wp-json\/wp\/v2\/types\/product"}],"replies":[{"embeddable":true,"href":"https:\/\/tilefly.com\/de\/wp-json\/wp\/v2\/comments?post=569852"}],"wp:featuredmedia":[{"embeddable":true,"href":"https:\/\/tilefly.com\/de\/wp-json\/wp\/v2\/media\/569633"}],"wp:attachment":[{"href":"https:\/\/tilefly.com\/de\/wp-json\/wp\/v2\/media?parent=569852"}],"wp:term":[{"taxonomy":"product_brand","embeddable":true,"href":"https:\/\/tilefly.com\/de\/wp-json\/wp\/v2\/product_brand?post=569852"},{"taxonomy":"product_cat","embeddable":true,"href":"https:\/\/tilefly.com\/de\/wp-json\/wp\/v2\/product_cat?post=569852"},{"taxonomy":"product_tag","embeddable":true,"href":"https:\/\/tilefly.com\/de\/wp-json\/wp\/v2\/product_tag?post=569852"}],"curies":[{"name":"wp","href":"https:\/\/api.w.org\/{rel}","templated":true}]}}