{"id":566970,"date":"2025-02-24T20:16:03","date_gmt":"2025-02-24T19:19:34","guid":{"rendered":"https:\/\/tilefly.com\/producto\/himalayas\/"},"modified":"2025-02-24T21:07:20","modified_gmt":"2025-02-24T20:07:20","slug":"himalayas","status":"publish","type":"product","link":"https:\/\/tilefly.com\/de\/produkt\/himalayas\/","title":{"rendered":"HIMALAYAS"},"content":{"rendered":"<p>Himalaya Series<br \/>Labradorit ist der kostbare Edelstein, der dieser Kollektion zugrunde liegt. Ein faszinierender Stein, der energiegeladene Farben ausstrahlt und bei Lichteinfall fast magische Effekte erzeugt. Himalaya ist inspiriert von Mineralien, Bergen und den erstaunlichen Ph\u00e4nomenen, die in der Natur vorkommen. Diese f\u00fcr Pools und Au\u00dfenbereiche konzipierte Kollektion pr\u00e4sentiert eine faszinierende Grafik, der es gelingt, das Schillern des urspr\u00fcnglichen Labradorits bis ins Detail zu reproduzieren. Au\u00dferdem bietet sie eine sehr umfangreiche Farbpalette von Blau bis Violett, mit gr\u00fcnen, gelben und orangen Nuancen.    <\/p>","protected":false},"excerpt":{"rendered":"<p>Himalaya SeriesLabradorit ist der kostbare Edelstein, der dieser Kollektion zugrunde liegt. Ein faszinierender Stein, der energiegeladene Farben ausstrahlt und bei Lichteinfall fast magische Effekte erzeugt. Himalaya ist inspiriert von Mineralien, Bergen und den erstaunlichen Ph\u00e4nomenen, die in der Natur vorkommen. Diese f\u00fcr Pools und Au\u00dfenbereiche konzipierte Kollektion pr\u00e4sentiert eine faszinierende Grafik, der es gelingt, das [&hellip;]<\/p>\n","protected":false},"featured_media":566808,"comment_status":"closed","ping_status":"closed","template":"","meta":[],"product_brand":[],"product_cat":[457,458,459],"product_tag":[],"class_list":{"0":"post-566970","1":"product","2":"type-product","3":"status-publish","4":"has-post-thumbnail","6":"product_cat-badezimmer","7":"product_cat-kuchen","8":"product_cat-wandfliesen","10":"first","11":"instock","12":"shipping-taxable","13":"product-type-grouped"},"_links":{"self":[{"href":"https:\/\/tilefly.com\/de\/wp-json\/wp\/v2\/product\/566970","targetHints":{"allow":["GET"]}}],"collection":[{"href":"https:\/\/tilefly.com\/de\/wp-json\/wp\/v2\/product"}],"about":[{"href":"https:\/\/tilefly.com\/de\/wp-json\/wp\/v2\/types\/product"}],"replies":[{"embeddable":true,"href":"https:\/\/tilefly.com\/de\/wp-json\/wp\/v2\/comments?post=566970"}],"wp:featuredmedia":[{"embeddable":true,"href":"https:\/\/tilefly.com\/de\/wp-json\/wp\/v2\/media\/566808"}],"wp:attachment":[{"href":"https:\/\/tilefly.com\/de\/wp-json\/wp\/v2\/media?parent=566970"}],"wp:term":[{"taxonomy":"product_brand","embeddable":true,"href":"https:\/\/tilefly.com\/de\/wp-json\/wp\/v2\/product_brand?post=566970"},{"taxonomy":"product_cat","embeddable":true,"href":"https:\/\/tilefly.com\/de\/wp-json\/wp\/v2\/product_cat?post=566970"},{"taxonomy":"product_tag","embeddable":true,"href":"https:\/\/tilefly.com\/de\/wp-json\/wp\/v2\/product_tag?post=566970"}],"curies":[{"name":"wp","href":"https:\/\/api.w.org\/{rel}","templated":true}]}}