{"id":553521,"date":"2025-02-21T00:08:52","date_gmt":"2025-02-20T23:08:52","guid":{"rendered":"https:\/\/tilefly.com\/producto\/anti-slip-kinstone-dakar-rect-90x90\/"},"modified":"2025-10-29T09:41:26","modified_gmt":"2025-10-29T08:41:26","slug":"anti-slip-kinstone-dakar-rect-90x90","status":"publish","type":"product","link":"https:\/\/tilefly.com\/de\/produkt\/anti-slip-kinstone-dakar-rect-90x90\/","title":{"rendered":"ANTI-SLIP KINSTONE DAKAR RECT 90X90"},"content":{"rendered":"<h2><strong>ANTI-SLIP KINSTONE DAKAR RECT 90X90<\/strong><\/h2><p>Descubre la elegancia funcional con la baldosa ANTI-SLIP KINSTONE DAKAR RECT 90X90. Su tonalidad beige suave, inspirada en el desierto, aporta calidez y serenidad a cualquier espacio. El acabado mate y la sutil textura cementosa o de microcemento, con un ligero veteado, ofrecen un aspecto natural y moderno, ideal para crear ambientes minimalistas y contempor\u00e1neos. Esta baldosa porcel\u00e1nica de alta calidad, rectificada para una instalaci\u00f3n impecable, es perfecta tanto para suelos como para paredes, interiores y exteriores.<\/p><p>Con caracter\u00edsticas antideslizantes, esta baldosa garantiza la seguridad en \u00e1reas h\u00famedas o de alto tr\u00e1nsito, sin comprometer el estilo. Su formato 90&#215;90 cm maximiza la sensaci\u00f3n de amplitud y continuidad visual, creando espacios fluidos y acogedores. La serie <a href='https:\/\/tilefly.com\/producto\/kinfolk'>KINFOLK<\/a> se inspira en el estilo de decoraci\u00f3n hom\u00f3nimo y la filosof\u00eda slow life, combinando elementos cl\u00e1sicos y r\u00fasticos con un toque n\u00f3rdico e industrial. ANTI-SLIP KINSTONE DAKAR se integra a la perfecci\u00f3n en esta est\u00e9tica, aportando un toque de sofisticaci\u00f3n discreta y atemporal.<\/p><p>Fabricada en porcel\u00e1nico de alta resistencia, esta baldosa es duradera y f\u00e1cil de mantener, ideal para proyectos residenciales y comerciales. Su versatilidad permite combinarla con una amplia gama de materiales y colores, adapt\u00e1ndose a cualquier estilo decorativo. Transforma tus espacios con la belleza natural y la seguridad que ofrece ANTI-SLIP KINSTONE DAKAR, una elecci\u00f3n inteligente para quienes buscan calidad y dise\u00f1o en cada detalle.<\/p>","protected":false},"excerpt":{"rendered":"<p>ANTI-SLIP KINSTONE DAKAR RECT 90X90Descubre la elegancia funcional con la baldosa ANTI-SLIP KINSTONE DAKAR RECT 90X90. Su tonalidad beige suave, inspirada en el desierto, aporta calidez y serenidad a cualquier espacio. El acabado mate y la sutil textura cementosa o de microcemento, con un ligero veteado, ofrecen un aspecto natural y moderno, ideal para crear [&hellip;]<\/p>\n","protected":false},"featured_media":553509,"comment_status":"open","ping_status":"closed","template":"","meta":[],"product_brand":[],"product_cat":[303,305,306,304],"product_tag":[],"class_list":{"0":"post-553521","1":"product","2":"type-product","3":"status-publish","4":"has-post-thumbnail","6":"product_cat-baldosas","7":"product_cat-banos","8":"product_cat-cocina","9":"product_cat-revestimiento","11":"first","12":"instock","13":"shipping-taxable","14":"purchasable","15":"product-type-simple"},"_links":{"self":[{"href":"https:\/\/tilefly.com\/de\/wp-json\/wp\/v2\/product\/553521","targetHints":{"allow":["GET"]}}],"collection":[{"href":"https:\/\/tilefly.com\/de\/wp-json\/wp\/v2\/product"}],"about":[{"href":"https:\/\/tilefly.com\/de\/wp-json\/wp\/v2\/types\/product"}],"replies":[{"embeddable":true,"href":"https:\/\/tilefly.com\/de\/wp-json\/wp\/v2\/comments?post=553521"}],"wp:featuredmedia":[{"embeddable":true,"href":"https:\/\/tilefly.com\/de\/wp-json\/wp\/v2\/media\/553509"}],"wp:attachment":[{"href":"https:\/\/tilefly.com\/de\/wp-json\/wp\/v2\/media?parent=553521"}],"wp:term":[{"taxonomy":"product_brand","embeddable":true,"href":"https:\/\/tilefly.com\/de\/wp-json\/wp\/v2\/product_brand?post=553521"},{"taxonomy":"product_cat","embeddable":true,"href":"https:\/\/tilefly.com\/de\/wp-json\/wp\/v2\/product_cat?post=553521"},{"taxonomy":"product_tag","embeddable":true,"href":"https:\/\/tilefly.com\/de\/wp-json\/wp\/v2\/product_tag?post=553521"}],"curies":[{"name":"wp","href":"https:\/\/api.w.org\/{rel}","templated":true}]}}