{"id":553016,"date":"2025-02-14T13:49:47","date_gmt":"2025-02-14T12:49:47","guid":{"rendered":"https:\/\/tilefly.com\/producto\/hexagon-calacatta-slow-139x16\/"},"modified":"2025-02-15T02:12:45","modified_gmt":"2025-02-15T01:12:45","slug":"hexagon-calacatta-slow-139x16","status":"publish","type":"product","link":"https:\/\/tilefly.com\/de\/produkt\/hexagon-calacatta-slow-139x16\/","title":{"rendered":"HEXAGON CALACATTA SLOW 13,9X16"},"content":{"rendered":"<h2><strong>SECHSECK CALACATTA LANGSAM 13,9X16<\/strong><\/h2><p>HEXAGON CALACATTA SLOW 13,9X16 aus der Serie <a href=\"https:\/\/tilefly.com\/producto\/tonality\/\">TONALITY<\/a> ist ein St\u00fcck, das den Begriff des Details in der Innenarchitektur neu definiert. Mit einem sechseckigen Format von 13,9&#215;16 cm f\u00e4ngt dieses matte Feinsteinzeug die Essenz des Calacatta-Marmors in einem intimeren und kreativeren Ma\u00dfstab ein. Mit ihrem Design lassen sich einzigartige und originelle Kompositionen schaffen, von kleinen dekorativen Akzenten bis hin zu kompletten Wand- und Bodenbel\u00e4gen. Die sanft ge\u00e4derte wei\u00dfe Farbe bringt Leuchtkraft und Eleganz in jeden Raum. Stellen Sie sich eine K\u00fcche vor, deren Wandverkleidung mit diesem Mosaik bedeckt ist und die in jedem Detail Funktionalit\u00e4t und Stil vereint, oder eine Leseecke mit einem Boden, der zum Entspannen und Nachdenken einl\u00e4dt.    <\/p>","protected":false},"excerpt":{"rendered":"<p>SECHSECK CALACATTA LANGSAM 13,9X16HEXAGON CALACATTA SLOW 13,9X16 aus der Serie TONALITY ist ein St\u00fcck, das den Begriff des Details in der Innenarchitektur neu definiert. Mit einem sechseckigen Format von 13,9&#215;16 cm f\u00e4ngt dieses matte Feinsteinzeug die Essenz des Calacatta-Marmors in einem intimeren und kreativeren Ma\u00dfstab ein. Mit ihrem Design lassen sich einzigartige und originelle Kompositionen [&hellip;]<\/p>\n","protected":false},"featured_media":551725,"comment_status":"open","ping_status":"closed","template":"","meta":[],"product_brand":[],"product_cat":[457,458,456,459],"product_tag":[],"class_list":{"0":"post-553016","1":"product","2":"type-product","3":"status-publish","4":"has-post-thumbnail","6":"product_cat-badezimmer","7":"product_cat-kuchen","8":"product_cat-vohnzimmer","9":"product_cat-wandfliesen","11":"first","12":"instock","13":"shipping-taxable","14":"purchasable","15":"product-type-simple"},"_links":{"self":[{"href":"https:\/\/tilefly.com\/de\/wp-json\/wp\/v2\/product\/553016","targetHints":{"allow":["GET"]}}],"collection":[{"href":"https:\/\/tilefly.com\/de\/wp-json\/wp\/v2\/product"}],"about":[{"href":"https:\/\/tilefly.com\/de\/wp-json\/wp\/v2\/types\/product"}],"replies":[{"embeddable":true,"href":"https:\/\/tilefly.com\/de\/wp-json\/wp\/v2\/comments?post=553016"}],"wp:featuredmedia":[{"embeddable":true,"href":"https:\/\/tilefly.com\/de\/wp-json\/wp\/v2\/media\/551725"}],"wp:attachment":[{"href":"https:\/\/tilefly.com\/de\/wp-json\/wp\/v2\/media?parent=553016"}],"wp:term":[{"taxonomy":"product_brand","embeddable":true,"href":"https:\/\/tilefly.com\/de\/wp-json\/wp\/v2\/product_brand?post=553016"},{"taxonomy":"product_cat","embeddable":true,"href":"https:\/\/tilefly.com\/de\/wp-json\/wp\/v2\/product_cat?post=553016"},{"taxonomy":"product_tag","embeddable":true,"href":"https:\/\/tilefly.com\/de\/wp-json\/wp\/v2\/product_tag?post=553016"}],"curies":[{"name":"wp","href":"https:\/\/api.w.org\/{rel}","templated":true}]}}