{"id":553014,"date":"2025-02-14T13:49:37","date_gmt":"2025-02-14T12:49:37","guid":{"rendered":"https:\/\/tilefly.com\/producto\/calacatta-slow-matt-rect-60x120\/"},"modified":"2025-02-15T02:12:41","modified_gmt":"2025-02-15T01:12:41","slug":"calacatta-slow-matt-rect-60x120","status":"publish","type":"product","link":"https:\/\/tilefly.com\/de\/produkt\/calacatta-slow-matt-rect-60x120\/","title":{"rendered":"CALACATTA SLOW MATT RECT 60X120"},"content":{"rendered":"<h2><strong>CALACATTA LANGSAM MATT RECT 60X120<\/strong><\/h2><p>Die Fliese CALACATTA SLOW MATT RECT 60X120 aus der Serie <a href=\"https:\/\/tilefly.com\/producto\/tonality\/\">TONALITY<\/a> definiert mit ihrer matten Oberfl\u00e4che und ihrem vom Calacatta-Marmor inspirierten Design die Eleganz neu. Ihr Format von 60&#215;120 cm, rektifiziert f\u00fcr eine pr\u00e4zise und einheitliche Verlegung, macht sie zur idealen Wahl f\u00fcr B\u00f6den, die Gro\u00dfz\u00fcgigkeit und Raffinesse suchen. Das Feinsteinzeug garantiert Langlebigkeit und Widerstandsf\u00e4higkeit und eignet sich perfekt f\u00fcr stark frequentierte Bereiche. Die vorherrschende wei\u00dfe Farbe mit subtilen grauen Adern sorgt f\u00fcr Helligkeit und ein Gef\u00fchl von tadelloser Sauberkeit und passt zu einer Vielzahl von Einrichtungsstilen, von den klassischsten bis zu den modernsten. Stellen Sie sich ein lichtdurchflutetes Wohnzimmer vor, in dem dieser Bodenbelag als Unterlage f\u00fcr Designerm\u00f6bel und nat\u00fcrliche Holzdetails dient und eine gem\u00fctliche und luxuri\u00f6se Atmosph\u00e4re schafft.    <\/p>","protected":false},"excerpt":{"rendered":"<p>CALACATTA LANGSAM MATT RECT 60X120Die Fliese CALACATTA SLOW MATT RECT 60X120 aus der Serie TONALITY definiert mit ihrer matten Oberfl\u00e4che und ihrem vom Calacatta-Marmor inspirierten Design die Eleganz neu. Ihr Format von 60&#215;120 cm, rektifiziert f\u00fcr eine pr\u00e4zise und einheitliche Verlegung, macht sie zur idealen Wahl f\u00fcr B\u00f6den, die Gro\u00dfz\u00fcgigkeit und Raffinesse suchen. Das Feinsteinzeug [&hellip;]<\/p>\n","protected":false},"featured_media":551699,"comment_status":"open","ping_status":"closed","template":"","meta":[],"product_brand":[],"product_cat":[457,458,456,459],"product_tag":[],"class_list":{"0":"post-553014","1":"product","2":"type-product","3":"status-publish","4":"has-post-thumbnail","6":"product_cat-badezimmer","7":"product_cat-kuchen","8":"product_cat-vohnzimmer","9":"product_cat-wandfliesen","11":"first","12":"instock","13":"shipping-taxable","14":"purchasable","15":"product-type-simple"},"_links":{"self":[{"href":"https:\/\/tilefly.com\/de\/wp-json\/wp\/v2\/product\/553014","targetHints":{"allow":["GET"]}}],"collection":[{"href":"https:\/\/tilefly.com\/de\/wp-json\/wp\/v2\/product"}],"about":[{"href":"https:\/\/tilefly.com\/de\/wp-json\/wp\/v2\/types\/product"}],"replies":[{"embeddable":true,"href":"https:\/\/tilefly.com\/de\/wp-json\/wp\/v2\/comments?post=553014"}],"wp:featuredmedia":[{"embeddable":true,"href":"https:\/\/tilefly.com\/de\/wp-json\/wp\/v2\/media\/551699"}],"wp:attachment":[{"href":"https:\/\/tilefly.com\/de\/wp-json\/wp\/v2\/media?parent=553014"}],"wp:term":[{"taxonomy":"product_brand","embeddable":true,"href":"https:\/\/tilefly.com\/de\/wp-json\/wp\/v2\/product_brand?post=553014"},{"taxonomy":"product_cat","embeddable":true,"href":"https:\/\/tilefly.com\/de\/wp-json\/wp\/v2\/product_cat?post=553014"},{"taxonomy":"product_tag","embeddable":true,"href":"https:\/\/tilefly.com\/de\/wp-json\/wp\/v2\/product_tag?post=553014"}],"curies":[{"name":"wp","href":"https:\/\/api.w.org\/{rel}","templated":true}]}}