{"id":552978,"date":"2025-02-14T12:41:17","date_gmt":"2025-02-14T11:41:17","guid":{"rendered":"https:\/\/tilefly.com\/producto\/drante-natural-20x20\/"},"modified":"2025-02-15T02:12:12","modified_gmt":"2025-02-15T01:12:12","slug":"drante-natural-20x20","status":"publish","type":"product","link":"https:\/\/tilefly.com\/de\/produkt\/drante-natural-20x20\/","title":{"rendered":"DRANTE NATURAL 20X20"},"content":{"rendered":"<h2><strong>DRANTE NATURAL 20X20<\/strong><\/h2><p><b>DRANTE NATURAL 20X20<\/b> ist ein Pflaster, das Charme und Rustikalit\u00e4t ausstrahlt. Seine nat\u00fcrliche Farbe, die an unpolierten Naturstein erinnert, bringt einen Hauch von Authentizit\u00e4t und W\u00e4rme in jeden Raum. Diese 20&#215;20 cm gro\u00dfen Fliesen aus hochwertigem Feinsteinzeug sind dank ihrer St\u00e4rke und Haltbarkeit ideal f\u00fcr Bodenbel\u00e4ge. Ihre rutschfesten Eigenschaften machen sie perfekt f\u00fcr Bereiche, in denen Sicherheit an erster Stelle steht. Die matte Oberfl\u00e4che unterstreicht die Textur und die nat\u00fcrliche Sch\u00f6nheit des Materials. Verbinden Sie sich mit der Natur durch <a href=\"https:\/\/tilefly.com\/producto\/esencia-materia\/\">Esencia Materia<\/a>.     <\/p>","protected":false},"excerpt":{"rendered":"<p>DRANTE NATURAL 20X20DRANTE NATURAL 20X20 ist ein Pflaster, das Charme und Rustikalit\u00e4t ausstrahlt. Seine nat\u00fcrliche Farbe, die an unpolierten Naturstein erinnert, bringt einen Hauch von Authentizit\u00e4t und W\u00e4rme in jeden Raum. Diese 20&#215;20 cm gro\u00dfen Fliesen aus hochwertigem Feinsteinzeug sind dank ihrer St\u00e4rke und Haltbarkeit ideal f\u00fcr Bodenbel\u00e4ge. Ihre rutschfesten Eigenschaften machen sie perfekt f\u00fcr [&hellip;]<\/p>\n","protected":false},"featured_media":551190,"comment_status":"open","ping_status":"closed","template":"","meta":[],"product_brand":[],"product_cat":[457,458,456,459],"product_tag":[],"class_list":{"0":"post-552978","1":"product","2":"type-product","3":"status-publish","4":"has-post-thumbnail","6":"product_cat-badezimmer","7":"product_cat-kuchen","8":"product_cat-vohnzimmer","9":"product_cat-wandfliesen","11":"first","12":"instock","13":"shipping-taxable","14":"purchasable","15":"product-type-simple"},"_links":{"self":[{"href":"https:\/\/tilefly.com\/de\/wp-json\/wp\/v2\/product\/552978","targetHints":{"allow":["GET"]}}],"collection":[{"href":"https:\/\/tilefly.com\/de\/wp-json\/wp\/v2\/product"}],"about":[{"href":"https:\/\/tilefly.com\/de\/wp-json\/wp\/v2\/types\/product"}],"replies":[{"embeddable":true,"href":"https:\/\/tilefly.com\/de\/wp-json\/wp\/v2\/comments?post=552978"}],"wp:featuredmedia":[{"embeddable":true,"href":"https:\/\/tilefly.com\/de\/wp-json\/wp\/v2\/media\/551190"}],"wp:attachment":[{"href":"https:\/\/tilefly.com\/de\/wp-json\/wp\/v2\/media?parent=552978"}],"wp:term":[{"taxonomy":"product_brand","embeddable":true,"href":"https:\/\/tilefly.com\/de\/wp-json\/wp\/v2\/product_brand?post=552978"},{"taxonomy":"product_cat","embeddable":true,"href":"https:\/\/tilefly.com\/de\/wp-json\/wp\/v2\/product_cat?post=552978"},{"taxonomy":"product_tag","embeddable":true,"href":"https:\/\/tilefly.com\/de\/wp-json\/wp\/v2\/product_tag?post=552978"}],"curies":[{"name":"wp","href":"https:\/\/api.w.org\/{rel}","templated":true}]}}