{"id":552971,"date":"2025-02-14T12:41:13","date_gmt":"2025-02-14T11:41:13","guid":{"rendered":"https:\/\/tilefly.com\/producto\/gon-natural-20x20\/"},"modified":"2025-02-15T02:12:04","modified_gmt":"2025-02-15T01:12:04","slug":"gon-natural-20x20","status":"publish","type":"product","link":"https:\/\/tilefly.com\/de\/produkt\/gon-natural-20x20\/","title":{"rendered":"GON NATURAL 20X20"},"content":{"rendered":"<h2><strong>GON NAT\u00dcRLICH 20X20<\/strong><\/h2><p><b>GON NATURAL 20X20<\/b> ist eine Bodenfliese, die die Sch\u00f6nheit des Unvollkommenen und Nat\u00fcrlichen zelebriert. Ihre nat\u00fcrliche Farbe, inspiriert von den Schattierungen des handgefertigten Tons, bringt einen Hauch von Authentizit\u00e4t und W\u00e4rme in jede Umgebung. Diese 20&#215;20 cm gro\u00dfen Fliesen aus widerstandsf\u00e4higem Feinsteinzeug sind dank ihrer Langlebigkeit und Pflegeleichtigkeit ideal f\u00fcr B\u00f6den. Ihre rutschfesten Eigenschaften machen sie sicher f\u00fcr den Innen- und Au\u00dfenbereich. Die matte Oberfl\u00e4che unterstreicht die Textur und die nat\u00fcrliche Sch\u00f6nheit des Materials. Entdecken Sie die Essenz der Materialien mit <a href=\"https:\/\/tilefly.com\/producto\/esencia-materia\/\">Esencia Materia<\/a>.     <\/p>","protected":false},"excerpt":{"rendered":"<p>GON NAT\u00dcRLICH 20X20GON NATURAL 20X20 ist eine Bodenfliese, die die Sch\u00f6nheit des Unvollkommenen und Nat\u00fcrlichen zelebriert. Ihre nat\u00fcrliche Farbe, inspiriert von den Schattierungen des handgefertigten Tons, bringt einen Hauch von Authentizit\u00e4t und W\u00e4rme in jede Umgebung. Diese 20&#215;20 cm gro\u00dfen Fliesen aus widerstandsf\u00e4higem Feinsteinzeug sind dank ihrer Langlebigkeit und Pflegeleichtigkeit ideal f\u00fcr B\u00f6den. Ihre rutschfesten [&hellip;]<\/p>\n","protected":false},"featured_media":551177,"comment_status":"open","ping_status":"closed","template":"","meta":[],"product_brand":[],"product_cat":[457,458,456,459],"product_tag":[],"class_list":{"0":"post-552971","1":"product","2":"type-product","3":"status-publish","4":"has-post-thumbnail","6":"product_cat-badezimmer","7":"product_cat-kuchen","8":"product_cat-vohnzimmer","9":"product_cat-wandfliesen","11":"first","12":"instock","13":"shipping-taxable","14":"purchasable","15":"product-type-simple"},"_links":{"self":[{"href":"https:\/\/tilefly.com\/de\/wp-json\/wp\/v2\/product\/552971","targetHints":{"allow":["GET"]}}],"collection":[{"href":"https:\/\/tilefly.com\/de\/wp-json\/wp\/v2\/product"}],"about":[{"href":"https:\/\/tilefly.com\/de\/wp-json\/wp\/v2\/types\/product"}],"replies":[{"embeddable":true,"href":"https:\/\/tilefly.com\/de\/wp-json\/wp\/v2\/comments?post=552971"}],"wp:featuredmedia":[{"embeddable":true,"href":"https:\/\/tilefly.com\/de\/wp-json\/wp\/v2\/media\/551177"}],"wp:attachment":[{"href":"https:\/\/tilefly.com\/de\/wp-json\/wp\/v2\/media?parent=552971"}],"wp:term":[{"taxonomy":"product_brand","embeddable":true,"href":"https:\/\/tilefly.com\/de\/wp-json\/wp\/v2\/product_brand?post=552971"},{"taxonomy":"product_cat","embeddable":true,"href":"https:\/\/tilefly.com\/de\/wp-json\/wp\/v2\/product_cat?post=552971"},{"taxonomy":"product_tag","embeddable":true,"href":"https:\/\/tilefly.com\/de\/wp-json\/wp\/v2\/product_tag?post=552971"}],"curies":[{"name":"wp","href":"https:\/\/api.w.org\/{rel}","templated":true}]}}