{"id":552959,"date":"2025-02-14T12:12:16","date_gmt":"2025-02-14T11:12:16","guid":{"rendered":"https:\/\/tilefly.com\/producto\/hexagon-clay-straw-175x202\/"},"modified":"2025-02-15T02:11:51","modified_gmt":"2025-02-15T01:11:51","slug":"hexagon-clay-straw-175x202","status":"publish","type":"product","link":"https:\/\/tilefly.com\/de\/produkt\/hexagon-clay-straw-175x202\/","title":{"rendered":"HEXAGON CLAY STRAW 17,5X20,2"},"content":{"rendered":"<h2><strong>SECHSECK TON STROH 17,5X20,2<\/strong><\/h2><p><b>HEXAGON CLAY STRAW 17,5X20,2<\/b>: Verleihen Sie Ihren R\u00e4umen einen originellen und nat\u00fcrlichen Touch mit der Fliese HEXAGON CLAY STRAW 17,5&#215;20,2 aus der Serie <a href=\"https:\/\/tilefly.com\/producto\/fayenza\/\">Fayenza<\/a>. Ihre sechseckige Form und die sanfte beige Farbe erinnern an die Sch\u00f6nheit der Natur. Diese Feinsteinzeugfliese, die perfekt f\u00fcr Bodenbel\u00e4ge geeignet ist, bietet St\u00e4rke und Haltbarkeit. Ihre matte Oberfl\u00e4che und ihr rustikaler Stil machen sie zu einer idealen Wahl, um einzigartige und gem\u00fctliche Atmosph\u00e4ren voller Pers\u00f6nlichkeit zu schaffen.   <\/p>","protected":false},"excerpt":{"rendered":"<p>SECHSECK TON STROH 17,5X20,2HEXAGON CLAY STRAW 17,5X20,2: Verleihen Sie Ihren R\u00e4umen einen originellen und nat\u00fcrlichen Touch mit der Fliese HEXAGON CLAY STRAW 17,5&#215;20,2 aus der Serie Fayenza. Ihre sechseckige Form und die sanfte beige Farbe erinnern an die Sch\u00f6nheit der Natur. Diese Feinsteinzeugfliese, die perfekt f\u00fcr Bodenbel\u00e4ge geeignet ist, bietet St\u00e4rke und Haltbarkeit. Ihre matte [&hellip;]<\/p>\n","protected":false},"featured_media":550956,"comment_status":"open","ping_status":"closed","template":"","meta":[],"product_brand":[],"product_cat":[457,458,456,459],"product_tag":[],"class_list":{"0":"post-552959","1":"product","2":"type-product","3":"status-publish","4":"has-post-thumbnail","6":"product_cat-badezimmer","7":"product_cat-kuchen","8":"product_cat-vohnzimmer","9":"product_cat-wandfliesen","11":"first","12":"instock","13":"shipping-taxable","14":"purchasable","15":"product-type-simple"},"_links":{"self":[{"href":"https:\/\/tilefly.com\/de\/wp-json\/wp\/v2\/product\/552959","targetHints":{"allow":["GET"]}}],"collection":[{"href":"https:\/\/tilefly.com\/de\/wp-json\/wp\/v2\/product"}],"about":[{"href":"https:\/\/tilefly.com\/de\/wp-json\/wp\/v2\/types\/product"}],"replies":[{"embeddable":true,"href":"https:\/\/tilefly.com\/de\/wp-json\/wp\/v2\/comments?post=552959"}],"wp:featuredmedia":[{"embeddable":true,"href":"https:\/\/tilefly.com\/de\/wp-json\/wp\/v2\/media\/550956"}],"wp:attachment":[{"href":"https:\/\/tilefly.com\/de\/wp-json\/wp\/v2\/media?parent=552959"}],"wp:term":[{"taxonomy":"product_brand","embeddable":true,"href":"https:\/\/tilefly.com\/de\/wp-json\/wp\/v2\/product_brand?post=552959"},{"taxonomy":"product_cat","embeddable":true,"href":"https:\/\/tilefly.com\/de\/wp-json\/wp\/v2\/product_cat?post=552959"},{"taxonomy":"product_tag","embeddable":true,"href":"https:\/\/tilefly.com\/de\/wp-json\/wp\/v2\/product_tag?post=552959"}],"curies":[{"name":"wp","href":"https:\/\/api.w.org\/{rel}","templated":true}]}}