{"id":552954,"date":"2025-02-14T12:12:12","date_gmt":"2025-02-14T11:12:12","guid":{"rendered":"https:\/\/tilefly.com\/producto\/clay-salmon-123x123\/"},"modified":"2025-02-15T02:11:46","modified_gmt":"2025-02-15T01:11:46","slug":"clay-salmon-123x123","status":"publish","type":"product","link":"https:\/\/tilefly.com\/de\/produkt\/clay-salmon-123x123\/","title":{"rendered":"CLAY SALMON 12,3X12,3"},"content":{"rendered":"<h2><strong>TON LACHS 12,3X12,3<\/strong><\/h2><p><b>CLAY SALMON 12,3X12,3<\/b>: Lassen Sie die Sch\u00f6nheit der Erde wieder aufleben mit der Fliese CLAY SALMON 12,3&#215;12,3 aus der Serie <a href=\"https:\/\/tilefly.com\/producto\/fayenza\/\">Fayenza<\/a>. Ihre rotbraune, vom Lachs inspirierte Farbe verleiht Ihren B\u00f6den eine warme und erdige Note. Das quadratische Format von 12,3&#215;12,3 cm erm\u00f6glicht Ihnen eine vielseitige und originelle Gestaltung. Aus strapazierf\u00e4higem Feinsteinzeug gefertigt, garantiert diese Fliese Langlebigkeit und leichte Reinigung. Ihre matte Oberfl\u00e4che und ihr rustikaler Stil machen sie ideal f\u00fcr gem\u00fctliche R\u00e4ume mit nat\u00fcrlichem Charme.    <\/p>","protected":false},"excerpt":{"rendered":"<p>TON LACHS 12,3X12,3CLAY SALMON 12,3X12,3: Lassen Sie die Sch\u00f6nheit der Erde wieder aufleben mit der Fliese CLAY SALMON 12,3&#215;12,3 aus der Serie Fayenza. Ihre rotbraune, vom Lachs inspirierte Farbe verleiht Ihren B\u00f6den eine warme und erdige Note. Das quadratische Format von 12,3&#215;12,3 cm erm\u00f6glicht Ihnen eine vielseitige und originelle Gestaltung. Aus strapazierf\u00e4higem Feinsteinzeug gefertigt, garantiert [&hellip;]<\/p>\n","protected":false},"featured_media":550943,"comment_status":"open","ping_status":"closed","template":"","meta":[],"product_brand":[],"product_cat":[457,458,456,459],"product_tag":[],"class_list":{"0":"post-552954","1":"product","2":"type-product","3":"status-publish","4":"has-post-thumbnail","6":"product_cat-badezimmer","7":"product_cat-kuchen","8":"product_cat-vohnzimmer","9":"product_cat-wandfliesen","11":"first","12":"instock","13":"shipping-taxable","14":"purchasable","15":"product-type-simple"},"_links":{"self":[{"href":"https:\/\/tilefly.com\/de\/wp-json\/wp\/v2\/product\/552954","targetHints":{"allow":["GET"]}}],"collection":[{"href":"https:\/\/tilefly.com\/de\/wp-json\/wp\/v2\/product"}],"about":[{"href":"https:\/\/tilefly.com\/de\/wp-json\/wp\/v2\/types\/product"}],"replies":[{"embeddable":true,"href":"https:\/\/tilefly.com\/de\/wp-json\/wp\/v2\/comments?post=552954"}],"wp:featuredmedia":[{"embeddable":true,"href":"https:\/\/tilefly.com\/de\/wp-json\/wp\/v2\/media\/550943"}],"wp:attachment":[{"href":"https:\/\/tilefly.com\/de\/wp-json\/wp\/v2\/media?parent=552954"}],"wp:term":[{"taxonomy":"product_brand","embeddable":true,"href":"https:\/\/tilefly.com\/de\/wp-json\/wp\/v2\/product_brand?post=552954"},{"taxonomy":"product_cat","embeddable":true,"href":"https:\/\/tilefly.com\/de\/wp-json\/wp\/v2\/product_cat?post=552954"},{"taxonomy":"product_tag","embeddable":true,"href":"https:\/\/tilefly.com\/de\/wp-json\/wp\/v2\/product_tag?post=552954"}],"curies":[{"name":"wp","href":"https:\/\/api.w.org\/{rel}","templated":true}]}}