{"id":552948,"date":"2025-02-14T12:12:09","date_gmt":"2025-02-14T11:12:09","guid":{"rendered":"https:\/\/tilefly.com\/producto\/clay-straw-123x123\/"},"modified":"2025-02-15T02:11:42","modified_gmt":"2025-02-15T01:11:42","slug":"clay-straw-123x123","status":"publish","type":"product","link":"https:\/\/tilefly.com\/de\/produkt\/clay-straw-123x123\/","title":{"rendered":"CLAY STRAW 12,3X12,3"},"content":{"rendered":"<h2><strong>LEHMSTROH 12,3X12,3<\/strong><\/h2><p><b>CLAY STRAW 12,3X12,3<\/b>: Die Fliese CLAY STRAW 12,3&#215;12,3 aus der Serie <a href=\"https:\/\/tilefly.com\/producto\/fayenza\/\">Fayenza<\/a> l\u00e4dt Sie mit ihrem sanften Beigeton ein, sich mit der Natur zu verbinden. Ihr quadratisches Format von 12,3&#215;12,3 cm macht sie vielseitig f\u00fcr verschiedene Bodenbelagsgestaltungen einsetzbar. Aus widerstandsf\u00e4higem Feinsteinzeug gefertigt, bietet diese Fliese Langlebigkeit und einfache Pflege. Ihre matte Oberfl\u00e4che und ihr rustikaler Stil machen sie zur perfekten Wahl f\u00fcr die Gestaltung warmer und einladender R\u00e4ume, in denen Gelassenheit die Hauptrolle spielt.   <\/p>","protected":false},"excerpt":{"rendered":"<p>LEHMSTROH 12,3X12,3CLAY STRAW 12,3X12,3: Die Fliese CLAY STRAW 12,3&#215;12,3 aus der Serie Fayenza l\u00e4dt Sie mit ihrem sanften Beigeton ein, sich mit der Natur zu verbinden. Ihr quadratisches Format von 12,3&#215;12,3 cm macht sie vielseitig f\u00fcr verschiedene Bodenbelagsgestaltungen einsetzbar. Aus widerstandsf\u00e4higem Feinsteinzeug gefertigt, bietet diese Fliese Langlebigkeit und einfache Pflege. Ihre matte Oberfl\u00e4che und ihr [&hellip;]<\/p>\n","protected":false},"featured_media":550930,"comment_status":"open","ping_status":"closed","template":"","meta":[],"product_brand":[],"product_cat":[457,458,456,459],"product_tag":[],"class_list":{"0":"post-552948","1":"product","2":"type-product","3":"status-publish","4":"has-post-thumbnail","6":"product_cat-badezimmer","7":"product_cat-kuchen","8":"product_cat-vohnzimmer","9":"product_cat-wandfliesen","11":"first","12":"instock","13":"shipping-taxable","14":"purchasable","15":"product-type-simple"},"_links":{"self":[{"href":"https:\/\/tilefly.com\/de\/wp-json\/wp\/v2\/product\/552948","targetHints":{"allow":["GET"]}}],"collection":[{"href":"https:\/\/tilefly.com\/de\/wp-json\/wp\/v2\/product"}],"about":[{"href":"https:\/\/tilefly.com\/de\/wp-json\/wp\/v2\/types\/product"}],"replies":[{"embeddable":true,"href":"https:\/\/tilefly.com\/de\/wp-json\/wp\/v2\/comments?post=552948"}],"wp:featuredmedia":[{"embeddable":true,"href":"https:\/\/tilefly.com\/de\/wp-json\/wp\/v2\/media\/550930"}],"wp:attachment":[{"href":"https:\/\/tilefly.com\/de\/wp-json\/wp\/v2\/media?parent=552948"}],"wp:term":[{"taxonomy":"product_brand","embeddable":true,"href":"https:\/\/tilefly.com\/de\/wp-json\/wp\/v2\/product_brand?post=552948"},{"taxonomy":"product_cat","embeddable":true,"href":"https:\/\/tilefly.com\/de\/wp-json\/wp\/v2\/product_cat?post=552948"},{"taxonomy":"product_tag","embeddable":true,"href":"https:\/\/tilefly.com\/de\/wp-json\/wp\/v2\/product_tag?post=552948"}],"curies":[{"name":"wp","href":"https:\/\/api.w.org\/{rel}","templated":true}]}}