{"id":552945,"date":"2025-02-14T12:12:02","date_gmt":"2025-02-14T11:12:02","guid":{"rendered":"https:\/\/tilefly.com\/producto\/clay-straw-6x246\/"},"modified":"2025-02-15T02:11:41","modified_gmt":"2025-02-15T01:11:41","slug":"clay-straw-6x246","status":"publish","type":"product","link":"https:\/\/tilefly.com\/de\/produkt\/clay-straw-6x246\/","title":{"rendered":"CLAY STRAW 6X24,6"},"content":{"rendered":"<h2><strong>LEHMSTROH 6X24,6<\/strong><\/h2><p><b>CLAY STRAW 6X24,6<\/b>: Tauchen Sie ein in nat\u00fcrliche W\u00e4rme mit der Fliese CLAY STRAW 6&#215;24,6 aus der Serie <a href=\"https:\/\/tilefly.com\/producto\/fayenza\/\">Fayenza<\/a>. Ihr sanfter Beigeton erinnert an die Gelassenheit der Landschaft, w\u00e4hrend ihr rechteckiges Format von 6&#215;24,6 cm jedem Raum eine klassische und vielseitige Note verleiht. Diese Fliese, die sich ideal f\u00fcr Bodenbel\u00e4ge eignet, ist aus strapazierf\u00e4higem Feinsteinzeug gefertigt, das dem t\u00e4glichen Gebrauch standh\u00e4lt. Ihre matte Oberfl\u00e4che und ihr rustikaler Look verleihen ihr einen authentischen und zeitlosen Charme, der ideal ist, um gem\u00fctliche Atmosph\u00e4ren voller Pers\u00f6nlichkeit zu schaffen.   <\/p>","protected":false},"excerpt":{"rendered":"<p>LEHMSTROH 6X24,6CLAY STRAW 6X24,6: Tauchen Sie ein in nat\u00fcrliche W\u00e4rme mit der Fliese CLAY STRAW 6&#215;24,6 aus der Serie Fayenza. Ihr sanfter Beigeton erinnert an die Gelassenheit der Landschaft, w\u00e4hrend ihr rechteckiges Format von 6&#215;24,6 cm jedem Raum eine klassische und vielseitige Note verleiht. Diese Fliese, die sich ideal f\u00fcr Bodenbel\u00e4ge eignet, ist aus strapazierf\u00e4higem [&hellip;]<\/p>\n","protected":false},"featured_media":550904,"comment_status":"open","ping_status":"closed","template":"","meta":[],"product_brand":[],"product_cat":[457,458,456,459],"product_tag":[],"class_list":{"0":"post-552945","1":"product","2":"type-product","3":"status-publish","4":"has-post-thumbnail","6":"product_cat-badezimmer","7":"product_cat-kuchen","8":"product_cat-vohnzimmer","9":"product_cat-wandfliesen","11":"first","12":"instock","13":"shipping-taxable","14":"purchasable","15":"product-type-simple"},"_links":{"self":[{"href":"https:\/\/tilefly.com\/de\/wp-json\/wp\/v2\/product\/552945","targetHints":{"allow":["GET"]}}],"collection":[{"href":"https:\/\/tilefly.com\/de\/wp-json\/wp\/v2\/product"}],"about":[{"href":"https:\/\/tilefly.com\/de\/wp-json\/wp\/v2\/types\/product"}],"replies":[{"embeddable":true,"href":"https:\/\/tilefly.com\/de\/wp-json\/wp\/v2\/comments?post=552945"}],"wp:featuredmedia":[{"embeddable":true,"href":"https:\/\/tilefly.com\/de\/wp-json\/wp\/v2\/media\/550904"}],"wp:attachment":[{"href":"https:\/\/tilefly.com\/de\/wp-json\/wp\/v2\/media?parent=552945"}],"wp:term":[{"taxonomy":"product_brand","embeddable":true,"href":"https:\/\/tilefly.com\/de\/wp-json\/wp\/v2\/product_brand?post=552945"},{"taxonomy":"product_cat","embeddable":true,"href":"https:\/\/tilefly.com\/de\/wp-json\/wp\/v2\/product_cat?post=552945"},{"taxonomy":"product_tag","embeddable":true,"href":"https:\/\/tilefly.com\/de\/wp-json\/wp\/v2\/product_tag?post=552945"}],"curies":[{"name":"wp","href":"https:\/\/api.w.org\/{rel}","templated":true}]}}