{"id":552932,"date":"2025-02-14T12:14:38","date_gmt":"2025-02-14T11:14:38","guid":{"rendered":"https:\/\/tilefly.com\/producto\/fayenza-green-123x123\/"},"modified":"2025-02-15T02:10:44","modified_gmt":"2025-02-15T01:10:44","slug":"fayenza-green-123x123","status":"publish","type":"product","link":"https:\/\/tilefly.com\/de\/produkt\/fayenza-green-123x123\/","title":{"rendered":"FAYENZA GREEN 12,3X12,3"},"content":{"rendered":"<h2><strong>FAYENZA GR\u00dcN 12,3X12,3<\/strong><\/h2><p><b>FAYENZA GREEN 12,3X12,3<\/b>: Lassen Sie die Frische der Natur wieder aufleben mit der Fliese FAYENZA GREEN 12,3&#215;12,3 aus der Serie <a href=\"https:\/\/tilefly.com\/producto\/fayenza\/\">Fayenza<\/a>. Ihre gr\u00fcne Farbe erinnert an die Vitalit\u00e4t der W\u00e4lder, w\u00e4hrend ihr quadratisches Format von 12,3&#215;12,3 cm eine klassische und vielseitige Note verleiht. Diese Fliese aus strapazierf\u00e4higem Feinsteinzeug eignet sich perfekt f\u00fcr Bodenbel\u00e4ge und bietet Langlebigkeit und einfache Reinigung. Ihre gl\u00e4nzende Oberfl\u00e4che und ihr rustikaler Stil machen sie zu einer idealen Wahl f\u00fcr die Gestaltung frischer und lebendiger Umgebungen.   <\/p>","protected":false},"excerpt":{"rendered":"<p>FAYENZA GR\u00dcN 12,3X12,3FAYENZA GREEN 12,3X12,3: Lassen Sie die Frische der Natur wieder aufleben mit der Fliese FAYENZA GREEN 12,3&#215;12,3 aus der Serie Fayenza. Ihre gr\u00fcne Farbe erinnert an die Vitalit\u00e4t der W\u00e4lder, w\u00e4hrend ihr quadratisches Format von 12,3&#215;12,3 cm eine klassische und vielseitige Note verleiht. Diese Fliese aus strapazierf\u00e4higem Feinsteinzeug eignet sich perfekt f\u00fcr Bodenbel\u00e4ge [&hellip;]<\/p>\n","protected":false},"featured_media":551073,"comment_status":"open","ping_status":"closed","template":"","meta":[],"product_brand":[],"product_cat":[457,458,456,459],"product_tag":[],"class_list":{"0":"post-552932","1":"product","2":"type-product","3":"status-publish","4":"has-post-thumbnail","6":"product_cat-badezimmer","7":"product_cat-kuchen","8":"product_cat-vohnzimmer","9":"product_cat-wandfliesen","11":"first","12":"instock","13":"shipping-taxable","14":"purchasable","15":"product-type-simple"},"_links":{"self":[{"href":"https:\/\/tilefly.com\/de\/wp-json\/wp\/v2\/product\/552932","targetHints":{"allow":["GET"]}}],"collection":[{"href":"https:\/\/tilefly.com\/de\/wp-json\/wp\/v2\/product"}],"about":[{"href":"https:\/\/tilefly.com\/de\/wp-json\/wp\/v2\/types\/product"}],"replies":[{"embeddable":true,"href":"https:\/\/tilefly.com\/de\/wp-json\/wp\/v2\/comments?post=552932"}],"wp:featuredmedia":[{"embeddable":true,"href":"https:\/\/tilefly.com\/de\/wp-json\/wp\/v2\/media\/551073"}],"wp:attachment":[{"href":"https:\/\/tilefly.com\/de\/wp-json\/wp\/v2\/media?parent=552932"}],"wp:term":[{"taxonomy":"product_brand","embeddable":true,"href":"https:\/\/tilefly.com\/de\/wp-json\/wp\/v2\/product_brand?post=552932"},{"taxonomy":"product_cat","embeddable":true,"href":"https:\/\/tilefly.com\/de\/wp-json\/wp\/v2\/product_cat?post=552932"},{"taxonomy":"product_tag","embeddable":true,"href":"https:\/\/tilefly.com\/de\/wp-json\/wp\/v2\/product_tag?post=552932"}],"curies":[{"name":"wp","href":"https:\/\/api.w.org\/{rel}","templated":true}]}}