{"id":552926,"date":"2025-02-14T12:14:14","date_gmt":"2025-02-14T11:14:14","guid":{"rendered":"https:\/\/tilefly.com\/producto\/fayenza-blue-123x123\/"},"modified":"2025-02-15T02:10:37","modified_gmt":"2025-02-15T01:10:37","slug":"fayenza-blue-123x123","status":"publish","type":"product","link":"https:\/\/tilefly.com\/de\/produkt\/fayenza-blue-123x123\/","title":{"rendered":"FAYENZA BLUE 12,3X12,3"},"content":{"rendered":"<h2><strong>FAYENZA BLAU 12,3X12,3<\/strong><\/h2><p><b>FAYENZA BLUE 12,3X12,3<\/b>: Tauchen Sie ein in die Ruhe der Farbe Blau mit der Fliese FAYENZA BLUE 12,3&#215;12,3 aus der Serie <a href=\"https:\/\/tilefly.com\/producto\/fayenza\/\">Fayenza<\/a>. Ihr bl\u00e4ulicher Farbton erinnert an die Ruhe des Meeres und des Himmels, w\u00e4hrend ihr quadratisches Format von 12,3&#215;12,3 cm eine klassische und elegante Note verleiht. Diese Fliese aus strapazierf\u00e4higem Feinsteinzeug ist perfekt f\u00fcr Bodenbel\u00e4ge geeignet, da sie langlebig und pflegeleicht ist. Ihre gl\u00e4nzende Oberfl\u00e4che und ihr rustikaler Stil machen sie zu einer idealen Wahl, um entspannende Atmosph\u00e4ren voller Pers\u00f6nlichkeit zu schaffen.   <\/p>","protected":false},"excerpt":{"rendered":"<p>FAYENZA BLAU 12,3X12,3FAYENZA BLUE 12,3X12,3: Tauchen Sie ein in die Ruhe der Farbe Blau mit der Fliese FAYENZA BLUE 12,3&#215;12,3 aus der Serie Fayenza. Ihr bl\u00e4ulicher Farbton erinnert an die Ruhe des Meeres und des Himmels, w\u00e4hrend ihr quadratisches Format von 12,3&#215;12,3 cm eine klassische und elegante Note verleiht. Diese Fliese aus strapazierf\u00e4higem Feinsteinzeug ist [&hellip;]<\/p>\n","protected":false},"featured_media":551060,"comment_status":"open","ping_status":"closed","template":"","meta":[],"product_brand":[],"product_cat":[457,458,456,459],"product_tag":[],"class_list":{"0":"post-552926","1":"product","2":"type-product","3":"status-publish","4":"has-post-thumbnail","6":"product_cat-badezimmer","7":"product_cat-kuchen","8":"product_cat-vohnzimmer","9":"product_cat-wandfliesen","11":"first","12":"instock","13":"shipping-taxable","14":"purchasable","15":"product-type-simple"},"_links":{"self":[{"href":"https:\/\/tilefly.com\/de\/wp-json\/wp\/v2\/product\/552926","targetHints":{"allow":["GET"]}}],"collection":[{"href":"https:\/\/tilefly.com\/de\/wp-json\/wp\/v2\/product"}],"about":[{"href":"https:\/\/tilefly.com\/de\/wp-json\/wp\/v2\/types\/product"}],"replies":[{"embeddable":true,"href":"https:\/\/tilefly.com\/de\/wp-json\/wp\/v2\/comments?post=552926"}],"wp:featuredmedia":[{"embeddable":true,"href":"https:\/\/tilefly.com\/de\/wp-json\/wp\/v2\/media\/551060"}],"wp:attachment":[{"href":"https:\/\/tilefly.com\/de\/wp-json\/wp\/v2\/media?parent=552926"}],"wp:term":[{"taxonomy":"product_brand","embeddable":true,"href":"https:\/\/tilefly.com\/de\/wp-json\/wp\/v2\/product_brand?post=552926"},{"taxonomy":"product_cat","embeddable":true,"href":"https:\/\/tilefly.com\/de\/wp-json\/wp\/v2\/product_cat?post=552926"},{"taxonomy":"product_tag","embeddable":true,"href":"https:\/\/tilefly.com\/de\/wp-json\/wp\/v2\/product_tag?post=552926"}],"curies":[{"name":"wp","href":"https:\/\/api.w.org\/{rel}","templated":true}]}}