{"id":552924,"date":"2025-02-14T12:13:27","date_gmt":"2025-02-14T11:13:27","guid":{"rendered":"https:\/\/tilefly.com\/producto\/fayenza-black-6x246\/"},"modified":"2025-02-15T02:10:36","modified_gmt":"2025-02-15T01:10:36","slug":"fayenza-black-6x246","status":"publish","type":"product","link":"https:\/\/tilefly.com\/de\/produkt\/fayenza-black-6x246\/","title":{"rendered":"FAYENZA BLACK 6X24,6"},"content":{"rendered":"<h2><strong>FAYENZA SCHWARZ 6X24,6<\/strong><\/h2><p><b>FAYENZA BLACK 6X24,6<\/b>: Definieren Sie Ihre R\u00e4ume mit der Eleganz und dem Charakter der Fliese FAYENZA BLACK 6&#215;24,6 aus der Serie <a href=\"https:\/\/tilefly.com\/producto\/fayenza\/\">Fayenza<\/a>. Ihre intensive schwarze Farbe verleiht ihr einen Hauch von Raffinesse und Geheimnis, w\u00e4hrend ihr rechteckiges Format von 6&#215;24,6 cm ihr einen klassischen und vielseitigen Touch verleiht. Diese Fliese aus widerstandsf\u00e4higem Feinsteinzeug eignet sich perfekt f\u00fcr Bodenbel\u00e4ge, ist langlebig und leicht zu reinigen. Ihre gl\u00e4nzende Oberfl\u00e4che und ihr rustikaler Stil machen sie zu einer idealen Wahl f\u00fcr die Gestaltung mutiger und stilvoller Umgebungen.   <\/p>","protected":false},"excerpt":{"rendered":"<p>FAYENZA SCHWARZ 6X24,6FAYENZA BLACK 6X24,6: Definieren Sie Ihre R\u00e4ume mit der Eleganz und dem Charakter der Fliese FAYENZA BLACK 6&#215;24,6 aus der Serie Fayenza. Ihre intensive schwarze Farbe verleiht ihr einen Hauch von Raffinesse und Geheimnis, w\u00e4hrend ihr rechteckiges Format von 6&#215;24,6 cm ihr einen klassischen und vielseitigen Touch verleiht. Diese Fliese aus widerstandsf\u00e4higem Feinsteinzeug [&hellip;]<\/p>\n","protected":false},"featured_media":551034,"comment_status":"open","ping_status":"closed","template":"","meta":[],"product_brand":[],"product_cat":[457,458,456,459],"product_tag":[],"class_list":{"0":"post-552924","1":"product","2":"type-product","3":"status-publish","4":"has-post-thumbnail","6":"product_cat-badezimmer","7":"product_cat-kuchen","8":"product_cat-vohnzimmer","9":"product_cat-wandfliesen","11":"first","12":"instock","13":"shipping-taxable","14":"purchasable","15":"product-type-simple"},"_links":{"self":[{"href":"https:\/\/tilefly.com\/de\/wp-json\/wp\/v2\/product\/552924","targetHints":{"allow":["GET"]}}],"collection":[{"href":"https:\/\/tilefly.com\/de\/wp-json\/wp\/v2\/product"}],"about":[{"href":"https:\/\/tilefly.com\/de\/wp-json\/wp\/v2\/types\/product"}],"replies":[{"embeddable":true,"href":"https:\/\/tilefly.com\/de\/wp-json\/wp\/v2\/comments?post=552924"}],"wp:featuredmedia":[{"embeddable":true,"href":"https:\/\/tilefly.com\/de\/wp-json\/wp\/v2\/media\/551034"}],"wp:attachment":[{"href":"https:\/\/tilefly.com\/de\/wp-json\/wp\/v2\/media?parent=552924"}],"wp:term":[{"taxonomy":"product_brand","embeddable":true,"href":"https:\/\/tilefly.com\/de\/wp-json\/wp\/v2\/product_brand?post=552924"},{"taxonomy":"product_cat","embeddable":true,"href":"https:\/\/tilefly.com\/de\/wp-json\/wp\/v2\/product_cat?post=552924"},{"taxonomy":"product_tag","embeddable":true,"href":"https:\/\/tilefly.com\/de\/wp-json\/wp\/v2\/product_tag?post=552924"}],"curies":[{"name":"wp","href":"https:\/\/api.w.org\/{rel}","templated":true}]}}