{"id":552916,"date":"2025-02-14T12:12:30","date_gmt":"2025-02-14T11:12:30","guid":{"rendered":"https:\/\/tilefly.com\/producto\/fayenza-blue-6x246\/"},"modified":"2025-02-15T02:10:27","modified_gmt":"2025-02-15T01:10:27","slug":"fayenza-blue-6x246","status":"publish","type":"product","link":"https:\/\/tilefly.com\/de\/produkt\/fayenza-blue-6x246\/","title":{"rendered":"FAYENZA BLUE 6X24,6"},"content":{"rendered":"<h2><strong>FAYENZA BLAU 6X24,6<\/strong><\/h2><p><b>FAYENZA BLUE 6X24,6<\/b>: Tauchen Sie ein in die Gelassenheit der Farbe Blau mit der Fliese FAYENZA BLUE 6&#215;24,6 aus der Serie <a href=\"https:\/\/tilefly.com\/producto\/fayenza\/\">Fayenza<\/a>. Ihr bl\u00e4ulicher Farbton erinnert an die Ruhe des Meeres und des Himmels, w\u00e4hrend ihr rechteckiges Format von 6&#215;24,6 cm ihr einen klassischen und eleganten Touch verleiht. Diese Fliese aus widerstandsf\u00e4higem Feinsteinzeug eignet sich perfekt f\u00fcr Bodenbel\u00e4ge und bietet Langlebigkeit und einfache Pflege. Ihre gl\u00e4nzende Oberfl\u00e4che und ihr rustikaler Stil machen sie zu einer idealen Wahl, um entspannende Atmosph\u00e4ren voller Pers\u00f6nlichkeit zu schaffen.   <\/p>","protected":false},"excerpt":{"rendered":"<p>FAYENZA BLAU 6X24,6FAYENZA BLUE 6X24,6: Tauchen Sie ein in die Gelassenheit der Farbe Blau mit der Fliese FAYENZA BLUE 6&#215;24,6 aus der Serie Fayenza. Ihr bl\u00e4ulicher Farbton erinnert an die Ruhe des Meeres und des Himmels, w\u00e4hrend ihr rechteckiges Format von 6&#215;24,6 cm ihr einen klassischen und eleganten Touch verleiht. Diese Fliese aus widerstandsf\u00e4higem Feinsteinzeug [&hellip;]<\/p>\n","protected":false},"featured_media":550995,"comment_status":"open","ping_status":"closed","template":"","meta":[],"product_brand":[],"product_cat":[457,458,456,459],"product_tag":[],"class_list":{"0":"post-552916","1":"product","2":"type-product","3":"status-publish","4":"has-post-thumbnail","6":"product_cat-badezimmer","7":"product_cat-kuchen","8":"product_cat-vohnzimmer","9":"product_cat-wandfliesen","11":"first","12":"instock","13":"shipping-taxable","14":"purchasable","15":"product-type-simple"},"_links":{"self":[{"href":"https:\/\/tilefly.com\/de\/wp-json\/wp\/v2\/product\/552916","targetHints":{"allow":["GET"]}}],"collection":[{"href":"https:\/\/tilefly.com\/de\/wp-json\/wp\/v2\/product"}],"about":[{"href":"https:\/\/tilefly.com\/de\/wp-json\/wp\/v2\/types\/product"}],"replies":[{"embeddable":true,"href":"https:\/\/tilefly.com\/de\/wp-json\/wp\/v2\/comments?post=552916"}],"wp:featuredmedia":[{"embeddable":true,"href":"https:\/\/tilefly.com\/de\/wp-json\/wp\/v2\/media\/550995"}],"wp:attachment":[{"href":"https:\/\/tilefly.com\/de\/wp-json\/wp\/v2\/media?parent=552916"}],"wp:term":[{"taxonomy":"product_brand","embeddable":true,"href":"https:\/\/tilefly.com\/de\/wp-json\/wp\/v2\/product_brand?post=552916"},{"taxonomy":"product_cat","embeddable":true,"href":"https:\/\/tilefly.com\/de\/wp-json\/wp\/v2\/product_cat?post=552916"},{"taxonomy":"product_tag","embeddable":true,"href":"https:\/\/tilefly.com\/de\/wp-json\/wp\/v2\/product_tag?post=552916"}],"curies":[{"name":"wp","href":"https:\/\/api.w.org\/{rel}","templated":true}]}}