{"id":552906,"date":"2025-02-14T12:51:30","date_gmt":"2025-02-14T11:51:30","guid":{"rendered":"https:\/\/tilefly.com\/producto\/fence-20x20\/"},"modified":"2025-02-15T02:09:40","modified_gmt":"2025-02-15T01:09:40","slug":"fence-20x20","status":"publish","type":"product","link":"https:\/\/tilefly.com\/de\/produkt\/fence-20x20\/","title":{"rendered":"FENCE 20X20"},"content":{"rendered":"<h2><strong>ZAUN 20X20<\/strong><\/h2><p>Trauen Sie sich an die Eleganz und Raffinesse des Modells FENCE 20X20 aus der Kollektion <a href=\"https:\/\/tilefly.com\/producto\/esencia-materia\/\">Esencia Materia<\/a>, einer schwarzen Feinsteinzeugfliese, die einen Hauch von Modernit\u00e4t und Vornehmheit in Ihre R\u00e4ume bringt. Ihr Format von 20&#215;20 cm und ihr vielseitiges Design passen sich jedem Einrichtungsstil an und schaffen Atmosph\u00e4ren voller Charakter und Pers\u00f6nlichkeit. Die matte, schlichte und elegante Oberfl\u00e4che unterstreicht die Sch\u00f6nheit des Materials, w\u00e4hrend die rutschfesten Eigenschaften Sicherheit und Komfort in Ihrem Zuhause garantieren. FENCE 20X20 ist die ideale Wahl f\u00fcr alle, die ein k\u00fchnes und raffiniertes Design suchen, das Eleganz und Modernit\u00e4t ausstrahlt.   <\/p>","protected":false},"excerpt":{"rendered":"<p>ZAUN 20X20Trauen Sie sich an die Eleganz und Raffinesse des Modells FENCE 20X20 aus der Kollektion Esencia Materia, einer schwarzen Feinsteinzeugfliese, die einen Hauch von Modernit\u00e4t und Vornehmheit in Ihre R\u00e4ume bringt. Ihr Format von 20&#215;20 cm und ihr vielseitiges Design passen sich jedem Einrichtungsstil an und schaffen Atmosph\u00e4ren voller Charakter und Pers\u00f6nlichkeit. Die matte, [&hellip;]<\/p>\n","protected":false},"featured_media":551398,"comment_status":"open","ping_status":"closed","template":"","meta":[],"product_brand":[],"product_cat":[457,458,456,459],"product_tag":[],"class_list":{"0":"post-552906","1":"product","2":"type-product","3":"status-publish","4":"has-post-thumbnail","6":"product_cat-badezimmer","7":"product_cat-kuchen","8":"product_cat-vohnzimmer","9":"product_cat-wandfliesen","11":"first","12":"instock","13":"shipping-taxable","14":"purchasable","15":"product-type-simple"},"_links":{"self":[{"href":"https:\/\/tilefly.com\/de\/wp-json\/wp\/v2\/product\/552906","targetHints":{"allow":["GET"]}}],"collection":[{"href":"https:\/\/tilefly.com\/de\/wp-json\/wp\/v2\/product"}],"about":[{"href":"https:\/\/tilefly.com\/de\/wp-json\/wp\/v2\/types\/product"}],"replies":[{"embeddable":true,"href":"https:\/\/tilefly.com\/de\/wp-json\/wp\/v2\/comments?post=552906"}],"wp:featuredmedia":[{"embeddable":true,"href":"https:\/\/tilefly.com\/de\/wp-json\/wp\/v2\/media\/551398"}],"wp:attachment":[{"href":"https:\/\/tilefly.com\/de\/wp-json\/wp\/v2\/media?parent=552906"}],"wp:term":[{"taxonomy":"product_brand","embeddable":true,"href":"https:\/\/tilefly.com\/de\/wp-json\/wp\/v2\/product_brand?post=552906"},{"taxonomy":"product_cat","embeddable":true,"href":"https:\/\/tilefly.com\/de\/wp-json\/wp\/v2\/product_cat?post=552906"},{"taxonomy":"product_tag","embeddable":true,"href":"https:\/\/tilefly.com\/de\/wp-json\/wp\/v2\/product_tag?post=552906"}],"curies":[{"name":"wp","href":"https:\/\/api.w.org\/{rel}","templated":true}]}}