{"id":552846,"date":"2025-02-14T12:53:54","date_gmt":"2025-02-14T11:53:54","guid":{"rendered":"https:\/\/tilefly.com\/producto\/grain-20x20\/"},"modified":"2025-02-15T02:07:14","modified_gmt":"2025-02-15T01:07:14","slug":"grain-20x20","status":"publish","type":"product","link":"https:\/\/tilefly.com\/de\/produkt\/grain-20x20\/","title":{"rendered":"GRAIN 20X20"},"content":{"rendered":"<h2><strong>KORN 20X20<\/strong><\/h2><p>Das Modell GRAIN 20X20 aus der Kollektion <a href=\"https:\/\/tilefly.com\/producto\/esencia-materia\/\">Esencia Materia<\/a> bietet Ihnen die Reinheit und Eleganz von Wei\u00df in einem vielseitigen Feinsteinzeug. Das Format 20&#215;20 cm und das zeitlose Design passen zu jedem Einrichtungsstil und bringen Licht und Gro\u00dfz\u00fcgigkeit in Ihre R\u00e4ume. Die matte, schlichte und elegante Oberfl\u00e4che unterstreicht die Sch\u00f6nheit des Materials, w\u00e4hrend die rutschfesten Eigenschaften Sicherheit und Komfort in Ihrem Zuhause garantieren. GRAIN 20X20 ist die ideale Wahl f\u00fcr alle, die ein vielseitiges und elegantes Design suchen, das Licht und Raffinesse ausstrahlt.   <\/p>","protected":false},"excerpt":{"rendered":"<p>KORN 20X20Das Modell GRAIN 20X20 aus der Kollektion Esencia Materia bietet Ihnen die Reinheit und Eleganz von Wei\u00df in einem vielseitigen Feinsteinzeug. Das Format 20&#215;20 cm und das zeitlose Design passen zu jedem Einrichtungsstil und bringen Licht und Gro\u00dfz\u00fcgigkeit in Ihre R\u00e4ume. Die matte, schlichte und elegante Oberfl\u00e4che unterstreicht die Sch\u00f6nheit des Materials, w\u00e4hrend die [&hellip;]<\/p>\n","protected":false},"featured_media":551533,"comment_status":"open","ping_status":"closed","template":"","meta":[],"product_brand":[],"product_cat":[457,458,456,459],"product_tag":[],"class_list":{"0":"post-552846","1":"product","2":"type-product","3":"status-publish","4":"has-post-thumbnail","6":"product_cat-badezimmer","7":"product_cat-kuchen","8":"product_cat-vohnzimmer","9":"product_cat-wandfliesen","11":"first","12":"instock","13":"shipping-taxable","14":"purchasable","15":"product-type-simple"},"_links":{"self":[{"href":"https:\/\/tilefly.com\/de\/wp-json\/wp\/v2\/product\/552846","targetHints":{"allow":["GET"]}}],"collection":[{"href":"https:\/\/tilefly.com\/de\/wp-json\/wp\/v2\/product"}],"about":[{"href":"https:\/\/tilefly.com\/de\/wp-json\/wp\/v2\/types\/product"}],"replies":[{"embeddable":true,"href":"https:\/\/tilefly.com\/de\/wp-json\/wp\/v2\/comments?post=552846"}],"wp:featuredmedia":[{"embeddable":true,"href":"https:\/\/tilefly.com\/de\/wp-json\/wp\/v2\/media\/551533"}],"wp:attachment":[{"href":"https:\/\/tilefly.com\/de\/wp-json\/wp\/v2\/media?parent=552846"}],"wp:term":[{"taxonomy":"product_brand","embeddable":true,"href":"https:\/\/tilefly.com\/de\/wp-json\/wp\/v2\/product_brand?post=552846"},{"taxonomy":"product_cat","embeddable":true,"href":"https:\/\/tilefly.com\/de\/wp-json\/wp\/v2\/product_cat?post=552846"},{"taxonomy":"product_tag","embeddable":true,"href":"https:\/\/tilefly.com\/de\/wp-json\/wp\/v2\/product_tag?post=552846"}],"curies":[{"name":"wp","href":"https:\/\/api.w.org\/{rel}","templated":true}]}}