{"id":552824,"date":"2025-02-14T15:07:22","date_gmt":"2025-02-14T14:07:22","guid":{"rendered":"https:\/\/tilefly.com\/producto\/casale-grafite-rect-60x60\/"},"modified":"2025-02-15T02:05:58","modified_gmt":"2025-02-15T01:05:58","slug":"casale-grafite-rect-60x60","status":"publish","type":"product","link":"https:\/\/tilefly.com\/de\/produkt\/casale-grafite-rect-60x60\/","title":{"rendered":"CASALE GRAFITE RECT 60X60"},"content":{"rendered":"<h2><strong>CASALE GRAFITE RECT 60X60<\/strong><\/h2><p>CASALE GRAFITE RECT 60X60, in einem vielseitigen graphitgrauen Ton, bietet ein perfektes Gleichgewicht zwischen Modernit\u00e4t und Funktionalit\u00e4t. Diese Fliese aus rektifiziertem Feinsteinzeug im Format 60&#215;60 cm mit matter Oberfl\u00e4che ist eine ausgezeichnete Wahl f\u00fcr B\u00f6den, die einen modernen und anpassungsf\u00e4higen Stil suchen. Ihr quadratisches Format erleichtert die Gestaltung individueller und kreativer Designs. Tauchen Sie ein in die schlichte Eleganz von <a href=\"https:\/\/tilefly.com\/producto\/antico-casale\/\">Antico Casale<\/a> und verwandeln Sie Ihre R\u00e4ume mit einem Hauch von urbaner Raffinesse.   <\/p>","protected":false},"excerpt":{"rendered":"<p>CASALE GRAFITE RECT 60X60CASALE GRAFITE RECT 60X60, in einem vielseitigen graphitgrauen Ton, bietet ein perfektes Gleichgewicht zwischen Modernit\u00e4t und Funktionalit\u00e4t. Diese Fliese aus rektifiziertem Feinsteinzeug im Format 60&#215;60 cm mit matter Oberfl\u00e4che ist eine ausgezeichnete Wahl f\u00fcr B\u00f6den, die einen modernen und anpassungsf\u00e4higen Stil suchen. Ihr quadratisches Format erleichtert die Gestaltung individueller und kreativer Designs. [&hellip;]<\/p>\n","protected":false},"featured_media":552014,"comment_status":"open","ping_status":"closed","template":"","meta":[],"product_brand":[],"product_cat":[457,458,456,459],"product_tag":[],"class_list":{"0":"post-552824","1":"product","2":"type-product","3":"status-publish","4":"has-post-thumbnail","6":"product_cat-badezimmer","7":"product_cat-kuchen","8":"product_cat-vohnzimmer","9":"product_cat-wandfliesen","11":"first","12":"instock","13":"shipping-taxable","14":"purchasable","15":"product-type-simple"},"_links":{"self":[{"href":"https:\/\/tilefly.com\/de\/wp-json\/wp\/v2\/product\/552824","targetHints":{"allow":["GET"]}}],"collection":[{"href":"https:\/\/tilefly.com\/de\/wp-json\/wp\/v2\/product"}],"about":[{"href":"https:\/\/tilefly.com\/de\/wp-json\/wp\/v2\/types\/product"}],"replies":[{"embeddable":true,"href":"https:\/\/tilefly.com\/de\/wp-json\/wp\/v2\/comments?post=552824"}],"wp:featuredmedia":[{"embeddable":true,"href":"https:\/\/tilefly.com\/de\/wp-json\/wp\/v2\/media\/552014"}],"wp:attachment":[{"href":"https:\/\/tilefly.com\/de\/wp-json\/wp\/v2\/media?parent=552824"}],"wp:term":[{"taxonomy":"product_brand","embeddable":true,"href":"https:\/\/tilefly.com\/de\/wp-json\/wp\/v2\/product_brand?post=552824"},{"taxonomy":"product_cat","embeddable":true,"href":"https:\/\/tilefly.com\/de\/wp-json\/wp\/v2\/product_cat?post=552824"},{"taxonomy":"product_tag","embeddable":true,"href":"https:\/\/tilefly.com\/de\/wp-json\/wp\/v2\/product_tag?post=552824"}],"curies":[{"name":"wp","href":"https:\/\/api.w.org\/{rel}","templated":true}]}}