{"id":552817,"date":"2025-02-14T15:06:12","date_gmt":"2025-02-14T14:06:12","guid":{"rendered":"https:\/\/tilefly.com\/producto\/casale-cenere-rect-60x60\/"},"modified":"2025-02-15T02:05:51","modified_gmt":"2025-02-15T01:05:51","slug":"casale-cenere-rect-60x60","status":"publish","type":"product","link":"https:\/\/tilefly.com\/de\/produkt\/casale-cenere-rect-60x60\/","title":{"rendered":"CASALE CENERE RECT 60X60"},"content":{"rendered":"<h2><strong>CASALE CENERE RECT 60X60<\/strong><\/h2><p>CASALE CENERE RECT 60X60 verleiht der Kollektion mit ihrer modernen Aschefarbe einen Hauch von Raffinesse. Diese rektifizierte Feinsteinzeugfliese im Format 60&#215;60 cm mit matter Oberfl\u00e4che ist eine ausgezeichnete Wahl f\u00fcr B\u00f6den mit einem modernen und eleganten Stil. Dank ihres quadratischen Formats lassen sich leicht originelle und attraktive Designs kreieren. Tauchen Sie ein in die einzigartige Atmosph\u00e4re von <a href=\"https:\/\/tilefly.com\/producto\/antico-casale\/\">Antico Casale<\/a> und verwandeln Sie Ihre R\u00e4ume mit Vornehmheit und Stil.   <\/p>","protected":false},"excerpt":{"rendered":"<p>CASALE CENERE RECT 60X60CASALE CENERE RECT 60X60 verleiht der Kollektion mit ihrer modernen Aschefarbe einen Hauch von Raffinesse. Diese rektifizierte Feinsteinzeugfliese im Format 60&#215;60 cm mit matter Oberfl\u00e4che ist eine ausgezeichnete Wahl f\u00fcr B\u00f6den mit einem modernen und eleganten Stil. Dank ihres quadratischen Formats lassen sich leicht originelle und attraktive Designs kreieren. Tauchen Sie ein [&hellip;]<\/p>\n","protected":false},"featured_media":551962,"comment_status":"open","ping_status":"closed","template":"","meta":[],"product_brand":[],"product_cat":[457,458,456,459],"product_tag":[],"class_list":{"0":"post-552817","1":"product","2":"type-product","3":"status-publish","4":"has-post-thumbnail","6":"product_cat-badezimmer","7":"product_cat-kuchen","8":"product_cat-vohnzimmer","9":"product_cat-wandfliesen","11":"first","12":"instock","13":"shipping-taxable","14":"purchasable","15":"product-type-simple"},"_links":{"self":[{"href":"https:\/\/tilefly.com\/de\/wp-json\/wp\/v2\/product\/552817","targetHints":{"allow":["GET"]}}],"collection":[{"href":"https:\/\/tilefly.com\/de\/wp-json\/wp\/v2\/product"}],"about":[{"href":"https:\/\/tilefly.com\/de\/wp-json\/wp\/v2\/types\/product"}],"replies":[{"embeddable":true,"href":"https:\/\/tilefly.com\/de\/wp-json\/wp\/v2\/comments?post=552817"}],"wp:featuredmedia":[{"embeddable":true,"href":"https:\/\/tilefly.com\/de\/wp-json\/wp\/v2\/media\/551962"}],"wp:attachment":[{"href":"https:\/\/tilefly.com\/de\/wp-json\/wp\/v2\/media?parent=552817"}],"wp:term":[{"taxonomy":"product_brand","embeddable":true,"href":"https:\/\/tilefly.com\/de\/wp-json\/wp\/v2\/product_brand?post=552817"},{"taxonomy":"product_cat","embeddable":true,"href":"https:\/\/tilefly.com\/de\/wp-json\/wp\/v2\/product_cat?post=552817"},{"taxonomy":"product_tag","embeddable":true,"href":"https:\/\/tilefly.com\/de\/wp-json\/wp\/v2\/product_tag?post=552817"}],"curies":[{"name":"wp","href":"https:\/\/api.w.org\/{rel}","templated":true}]}}