{"id":552814,"date":"2025-02-14T15:05:52","date_gmt":"2025-02-14T14:05:52","guid":{"rendered":"https:\/\/tilefly.com\/producto\/casale-cotto-rect-60x60\/"},"modified":"2025-02-15T02:05:49","modified_gmt":"2025-02-15T01:05:49","slug":"casale-cotto-rect-60x60","status":"publish","type":"product","link":"https:\/\/tilefly.com\/de\/produkt\/casale-cotto-rect-60x60\/","title":{"rendered":"CASALE COTTO RECT 60X60"},"content":{"rendered":"<h2><strong>CASALE COTTO RECT 60X60<\/strong><\/h2><p>CASALE COTTO RECT 60X60 erinnert mit seiner klassischen braunen Farbe an die italienische Handwerkstradition in einem vielseitigen Format. Diese 60&#215;60 cm gro\u00dfe Fliese aus rektifiziertem Feinsteinzeug mit matter Oberfl\u00e4che ist ideal f\u00fcr B\u00f6den, die einen rustikalen und gem\u00fctlichen Touch haben sollen. Dank ihres quadratischen Formats lassen sich ganz einfach individuelle Muster und Designs erstellen. Entdecken Sie, wie <a href=\"https:\/\/tilefly.com\/producto\/antico-casale\/\">Antico Casale<\/a> Ihrer Umgebung W\u00e4rme und Charakter verleihen kann.   <\/p>","protected":false},"excerpt":{"rendered":"<p>CASALE COTTO RECT 60X60CASALE COTTO RECT 60X60 erinnert mit seiner klassischen braunen Farbe an die italienische Handwerkstradition in einem vielseitigen Format. Diese 60&#215;60 cm gro\u00dfe Fliese aus rektifiziertem Feinsteinzeug mit matter Oberfl\u00e4che ist ideal f\u00fcr B\u00f6den, die einen rustikalen und gem\u00fctlichen Touch haben sollen. Dank ihres quadratischen Formats lassen sich ganz einfach individuelle Muster und [&hellip;]<\/p>\n","protected":false},"featured_media":551936,"comment_status":"open","ping_status":"closed","template":"","meta":[],"product_brand":[],"product_cat":[457,458,456,459],"product_tag":[],"class_list":{"0":"post-552814","1":"product","2":"type-product","3":"status-publish","4":"has-post-thumbnail","6":"product_cat-badezimmer","7":"product_cat-kuchen","8":"product_cat-vohnzimmer","9":"product_cat-wandfliesen","11":"first","12":"instock","13":"shipping-taxable","14":"purchasable","15":"product-type-simple"},"_links":{"self":[{"href":"https:\/\/tilefly.com\/de\/wp-json\/wp\/v2\/product\/552814","targetHints":{"allow":["GET"]}}],"collection":[{"href":"https:\/\/tilefly.com\/de\/wp-json\/wp\/v2\/product"}],"about":[{"href":"https:\/\/tilefly.com\/de\/wp-json\/wp\/v2\/types\/product"}],"replies":[{"embeddable":true,"href":"https:\/\/tilefly.com\/de\/wp-json\/wp\/v2\/comments?post=552814"}],"wp:featuredmedia":[{"embeddable":true,"href":"https:\/\/tilefly.com\/de\/wp-json\/wp\/v2\/media\/551936"}],"wp:attachment":[{"href":"https:\/\/tilefly.com\/de\/wp-json\/wp\/v2\/media?parent=552814"}],"wp:term":[{"taxonomy":"product_brand","embeddable":true,"href":"https:\/\/tilefly.com\/de\/wp-json\/wp\/v2\/product_brand?post=552814"},{"taxonomy":"product_cat","embeddable":true,"href":"https:\/\/tilefly.com\/de\/wp-json\/wp\/v2\/product_cat?post=552814"},{"taxonomy":"product_tag","embeddable":true,"href":"https:\/\/tilefly.com\/de\/wp-json\/wp\/v2\/product_tag?post=552814"}],"curies":[{"name":"wp","href":"https:\/\/api.w.org\/{rel}","templated":true}]}}