{"id":552800,"date":"2025-02-14T15:05:40","date_gmt":"2025-02-14T14:05:40","guid":{"rendered":"https:\/\/tilefly.com\/producto\/casale-cenere-rect-120x120\/"},"modified":"2025-02-15T02:05:38","modified_gmt":"2025-02-15T01:05:38","slug":"casale-cenere-rect-120x120","status":"publish","type":"product","link":"https:\/\/tilefly.com\/de\/produkt\/casale-cenere-rect-120x120\/","title":{"rendered":"CASALE CENERE RECT 120X120"},"content":{"rendered":"<h2><strong>CASALE CENERE RECT 120X120<\/strong><\/h2><p>Die von italienischen Landschaften inspirierte Fliese CASALE CENERE RECT 120X120 ist in der Farbe Asche gehalten, die ihr einen modernen und raffinierten Touch verleiht. Diese rektifizierte Feinsteinzeugfliese im Format 120&#215;120 cm mit matter Oberfl\u00e4che ist eine ausgezeichnete Wahl f\u00fcr B\u00f6den, die einen modernen Stil mit einer Anspielung auf traditionelle Handwerkskunst suchen. Das gro\u00dfe Format und die pr\u00e4zisionsgeschliffenen Kanten erm\u00f6glichen eine einwandfreie Verlegung und schaffen gleichm\u00e4\u00dfige und elegante Oberfl\u00e4chen. Tauchen Sie ein in den Charme von <a href=\"https:\/\/tilefly.com\/producto\/antico-casale\/\">Antico Casale<\/a> und definieren Sie Ihre R\u00e4ume mit Charakter neu.   <\/p>","protected":false},"excerpt":{"rendered":"<p>CASALE CENERE RECT 120X120Die von italienischen Landschaften inspirierte Fliese CASALE CENERE RECT 120X120 ist in der Farbe Asche gehalten, die ihr einen modernen und raffinierten Touch verleiht. Diese rektifizierte Feinsteinzeugfliese im Format 120&#215;120 cm mit matter Oberfl\u00e4che ist eine ausgezeichnete Wahl f\u00fcr B\u00f6den, die einen modernen Stil mit einer Anspielung auf traditionelle Handwerkskunst suchen. Das [&hellip;]<\/p>\n","protected":false},"featured_media":551884,"comment_status":"open","ping_status":"closed","template":"","meta":[],"product_brand":[],"product_cat":[457,458,456,459],"product_tag":[],"class_list":{"0":"post-552800","1":"product","2":"type-product","3":"status-publish","4":"has-post-thumbnail","6":"product_cat-badezimmer","7":"product_cat-kuchen","8":"product_cat-vohnzimmer","9":"product_cat-wandfliesen","11":"first","12":"instock","13":"shipping-taxable","14":"purchasable","15":"product-type-simple"},"_links":{"self":[{"href":"https:\/\/tilefly.com\/de\/wp-json\/wp\/v2\/product\/552800","targetHints":{"allow":["GET"]}}],"collection":[{"href":"https:\/\/tilefly.com\/de\/wp-json\/wp\/v2\/product"}],"about":[{"href":"https:\/\/tilefly.com\/de\/wp-json\/wp\/v2\/types\/product"}],"replies":[{"embeddable":true,"href":"https:\/\/tilefly.com\/de\/wp-json\/wp\/v2\/comments?post=552800"}],"wp:featuredmedia":[{"embeddable":true,"href":"https:\/\/tilefly.com\/de\/wp-json\/wp\/v2\/media\/551884"}],"wp:attachment":[{"href":"https:\/\/tilefly.com\/de\/wp-json\/wp\/v2\/media?parent=552800"}],"wp:term":[{"taxonomy":"product_brand","embeddable":true,"href":"https:\/\/tilefly.com\/de\/wp-json\/wp\/v2\/product_brand?post=552800"},{"taxonomy":"product_cat","embeddable":true,"href":"https:\/\/tilefly.com\/de\/wp-json\/wp\/v2\/product_cat?post=552800"},{"taxonomy":"product_tag","embeddable":true,"href":"https:\/\/tilefly.com\/de\/wp-json\/wp\/v2\/product_tag?post=552800"}],"curies":[{"name":"wp","href":"https:\/\/api.w.org\/{rel}","templated":true}]}}