{"id":552794,"date":"2025-02-14T15:05:36","date_gmt":"2025-02-14T14:05:36","guid":{"rendered":"https:\/\/tilefly.com\/producto\/casale-ecru-rect-120x120\/"},"modified":"2025-02-15T02:05:32","modified_gmt":"2025-02-15T01:05:32","slug":"casale-ecru-rect-120x120","status":"publish","type":"product","link":"https:\/\/tilefly.com\/de\/produkt\/casale-ecru-rect-120x120\/","title":{"rendered":"CASALE ECRU RECT 120X120"},"content":{"rendered":"<h2><strong>CASALE ECRU RECT 120X120<\/strong><\/h2><p>Die CASALE ECRU RECT 120X120, die zur toskanisch inspirierten Kollektion geh\u00f6rt, bietet einen weichen und raffinierten Beigeton. Dieses rektifizierte Feinsteinzeug im Format 120&#215;120 cm mit matter Oberfl\u00e4che ist perfekt f\u00fcr B\u00f6den, die Helligkeit und Gelassenheit suchen. Ihr gro\u00dfes Format und die rektifizierten Kanten erm\u00f6glichen eine Verlegung mit minimalen Fugen, wodurch die Kontinuit\u00e4t des Designs hervorgehoben wird. Entdecken Sie die subtile Eleganz von <a href=\"https:\/\/tilefly.com\/producto\/antico-casale\/\">Antico Casale<\/a> und schaffen Sie gem\u00fctliche und zeitlose Umgebungen.   <\/p>","protected":false},"excerpt":{"rendered":"<p>CASALE ECRU RECT 120X120Die CASALE ECRU RECT 120X120, die zur toskanisch inspirierten Kollektion geh\u00f6rt, bietet einen weichen und raffinierten Beigeton. Dieses rektifizierte Feinsteinzeug im Format 120&#215;120 cm mit matter Oberfl\u00e4che ist perfekt f\u00fcr B\u00f6den, die Helligkeit und Gelassenheit suchen. Ihr gro\u00dfes Format und die rektifizierten Kanten erm\u00f6glichen eine Verlegung mit minimalen Fugen, wodurch die Kontinuit\u00e4t [&hellip;]<\/p>\n","protected":false},"featured_media":551871,"comment_status":"open","ping_status":"closed","template":"","meta":[],"product_brand":[],"product_cat":[457,458,456,459],"product_tag":[],"class_list":{"0":"post-552794","1":"product","2":"type-product","3":"status-publish","4":"has-post-thumbnail","6":"product_cat-badezimmer","7":"product_cat-kuchen","8":"product_cat-vohnzimmer","9":"product_cat-wandfliesen","11":"first","12":"instock","13":"shipping-taxable","14":"purchasable","15":"product-type-simple"},"_links":{"self":[{"href":"https:\/\/tilefly.com\/de\/wp-json\/wp\/v2\/product\/552794","targetHints":{"allow":["GET"]}}],"collection":[{"href":"https:\/\/tilefly.com\/de\/wp-json\/wp\/v2\/product"}],"about":[{"href":"https:\/\/tilefly.com\/de\/wp-json\/wp\/v2\/types\/product"}],"replies":[{"embeddable":true,"href":"https:\/\/tilefly.com\/de\/wp-json\/wp\/v2\/comments?post=552794"}],"wp:featuredmedia":[{"embeddable":true,"href":"https:\/\/tilefly.com\/de\/wp-json\/wp\/v2\/media\/551871"}],"wp:attachment":[{"href":"https:\/\/tilefly.com\/de\/wp-json\/wp\/v2\/media?parent=552794"}],"wp:term":[{"taxonomy":"product_brand","embeddable":true,"href":"https:\/\/tilefly.com\/de\/wp-json\/wp\/v2\/product_brand?post=552794"},{"taxonomy":"product_cat","embeddable":true,"href":"https:\/\/tilefly.com\/de\/wp-json\/wp\/v2\/product_cat?post=552794"},{"taxonomy":"product_tag","embeddable":true,"href":"https:\/\/tilefly.com\/de\/wp-json\/wp\/v2\/product_tag?post=552794"}],"curies":[{"name":"wp","href":"https:\/\/api.w.org\/{rel}","templated":true}]}}