{"id":552792,"date":"2025-02-14T14:13:02","date_gmt":"2025-02-15T01:05:31","guid":{"rendered":"https:\/\/tilefly.com\/producto\/fayenza\/"},"modified":"2025-02-15T02:05:31","modified_gmt":"2025-02-15T01:05:31","slug":"fayenza","status":"publish","type":"product","link":"https:\/\/tilefly.com\/de\/produkt\/fayenza\/","title":{"rendered":"FAYENZA"},"content":{"rendered":"<p>Die T\u00f6pfer der italienischen Stadt Faenza f\u00fchrten eine neue Art der Keramikbearbeitung ein, die nach der Stadt und ihrer Keramiktradition benannt wurde. Bei dieser Art von Handwerkskunst wurde feines Steingut verwendet, eine Technik, die sich dadurch auszeichnet, dass sie den Keramikprodukten einen glasartigen Effekt verleiht. Unsere Serie Fayenza hat die gleiche gl\u00e4nzende Oberfl\u00e4che und bewahrt die traditionelle Pr\u00e4gung der Keramik, die sie inspiriert hat, durch eine Vielzahl von Formaten und die Kombinationen ihrer kleinformatigen St\u00fccke.  <\/p>","protected":false},"excerpt":{"rendered":"<p>Die T\u00f6pfer der italienischen Stadt Faenza f\u00fchrten eine neue Art der Keramikbearbeitung ein, die nach der Stadt und ihrer Keramiktradition benannt wurde. Bei dieser Art von Handwerkskunst wurde feines Steingut verwendet, eine Technik, die sich dadurch auszeichnet, dass sie den Keramikprodukten einen glasartigen Effekt verleiht. Unsere Serie Fayenza hat die gleiche gl\u00e4nzende Oberfl\u00e4che und bewahrt [&hellip;]<\/p>\n","protected":false},"featured_media":551014,"comment_status":"closed","ping_status":"closed","template":"","meta":[],"product_brand":[],"product_cat":[457,458,456,459],"product_tag":[],"class_list":{"0":"post-552792","1":"product","2":"type-product","3":"status-publish","4":"has-post-thumbnail","6":"product_cat-badezimmer","7":"product_cat-kuchen","8":"product_cat-vohnzimmer","9":"product_cat-wandfliesen","11":"first","12":"instock","13":"shipping-taxable","14":"product-type-grouped"},"_links":{"self":[{"href":"https:\/\/tilefly.com\/de\/wp-json\/wp\/v2\/product\/552792","targetHints":{"allow":["GET"]}}],"collection":[{"href":"https:\/\/tilefly.com\/de\/wp-json\/wp\/v2\/product"}],"about":[{"href":"https:\/\/tilefly.com\/de\/wp-json\/wp\/v2\/types\/product"}],"replies":[{"embeddable":true,"href":"https:\/\/tilefly.com\/de\/wp-json\/wp\/v2\/comments?post=552792"}],"wp:featuredmedia":[{"embeddable":true,"href":"https:\/\/tilefly.com\/de\/wp-json\/wp\/v2\/media\/551014"}],"wp:attachment":[{"href":"https:\/\/tilefly.com\/de\/wp-json\/wp\/v2\/media?parent=552792"}],"wp:term":[{"taxonomy":"product_brand","embeddable":true,"href":"https:\/\/tilefly.com\/de\/wp-json\/wp\/v2\/product_brand?post=552792"},{"taxonomy":"product_cat","embeddable":true,"href":"https:\/\/tilefly.com\/de\/wp-json\/wp\/v2\/product_cat?post=552792"},{"taxonomy":"product_tag","embeddable":true,"href":"https:\/\/tilefly.com\/de\/wp-json\/wp\/v2\/product_tag?post=552792"}],"curies":[{"name":"wp","href":"https:\/\/api.w.org\/{rel}","templated":true}]}}