{"id":552789,"date":"2025-02-14T15:05:32","date_gmt":"2025-02-14T14:05:32","guid":{"rendered":"https:\/\/tilefly.com\/producto\/casale-cotto-rect-120x120\/"},"modified":"2025-02-15T02:05:29","modified_gmt":"2025-02-15T01:05:29","slug":"casale-cotto-rect-120x120","status":"publish","type":"product","link":"https:\/\/tilefly.com\/de\/produkt\/casale-cotto-rect-120x120\/","title":{"rendered":"CASALE COTTO RECT 120X120"},"content":{"rendered":"<h2><strong>CASALE COTTO RECT 120X120<\/strong><\/h2><p>CASALE COTTO RECT 120X120, inspiriert von der italienischen Handwerkstradition, erinnert mit seiner erdigen braunen Farbe an die W\u00e4rme der Toskana. Diese rektifizierte Feinsteinzeugfliese 120&#215;120 cm mit matter Oberfl\u00e4che ist ideal f\u00fcr B\u00f6den, die einen rustikalen und doch eleganten Touch haben sollen. Ihr gro\u00dfes Format reduziert die Fugen und schafft eine durchgehende und optisch ansprechende Oberfl\u00e4che. Entdecken Sie die Sch\u00f6nheit der Kollektion <a href=\"https:\/\/tilefly.com\/producto\/antico-casale\/\">Antico Casale<\/a> und verwandeln Sie Ihre R\u00e4ume.   <\/p>","protected":false},"excerpt":{"rendered":"<p>CASALE COTTO RECT 120X120CASALE COTTO RECT 120X120, inspiriert von der italienischen Handwerkstradition, erinnert mit seiner erdigen braunen Farbe an die W\u00e4rme der Toskana. Diese rektifizierte Feinsteinzeugfliese 120&#215;120 cm mit matter Oberfl\u00e4che ist ideal f\u00fcr B\u00f6den, die einen rustikalen und doch eleganten Touch haben sollen. Ihr gro\u00dfes Format reduziert die Fugen und schafft eine durchgehende und [&hellip;]<\/p>\n","protected":false},"featured_media":551858,"comment_status":"open","ping_status":"closed","template":"","meta":[],"product_brand":[],"product_cat":[457,458,456,459],"product_tag":[],"class_list":{"0":"post-552789","1":"product","2":"type-product","3":"status-publish","4":"has-post-thumbnail","6":"product_cat-badezimmer","7":"product_cat-kuchen","8":"product_cat-vohnzimmer","9":"product_cat-wandfliesen","11":"first","12":"instock","13":"shipping-taxable","14":"purchasable","15":"product-type-simple"},"_links":{"self":[{"href":"https:\/\/tilefly.com\/de\/wp-json\/wp\/v2\/product\/552789","targetHints":{"allow":["GET"]}}],"collection":[{"href":"https:\/\/tilefly.com\/de\/wp-json\/wp\/v2\/product"}],"about":[{"href":"https:\/\/tilefly.com\/de\/wp-json\/wp\/v2\/types\/product"}],"replies":[{"embeddable":true,"href":"https:\/\/tilefly.com\/de\/wp-json\/wp\/v2\/comments?post=552789"}],"wp:featuredmedia":[{"embeddable":true,"href":"https:\/\/tilefly.com\/de\/wp-json\/wp\/v2\/media\/551858"}],"wp:attachment":[{"href":"https:\/\/tilefly.com\/de\/wp-json\/wp\/v2\/media?parent=552789"}],"wp:term":[{"taxonomy":"product_brand","embeddable":true,"href":"https:\/\/tilefly.com\/de\/wp-json\/wp\/v2\/product_brand?post=552789"},{"taxonomy":"product_cat","embeddable":true,"href":"https:\/\/tilefly.com\/de\/wp-json\/wp\/v2\/product_cat?post=552789"},{"taxonomy":"product_tag","embeddable":true,"href":"https:\/\/tilefly.com\/de\/wp-json\/wp\/v2\/product_tag?post=552789"}],"curies":[{"name":"wp","href":"https:\/\/api.w.org\/{rel}","templated":true}]}}