{"id":552786,"date":"2025-02-14T13:51:20","date_gmt":"2025-02-14T12:51:20","guid":{"rendered":"https:\/\/tilefly.com\/producto\/hexa-boho-onyx-slow-139x16\/"},"modified":"2025-02-15T02:05:25","modified_gmt":"2025-02-15T01:05:25","slug":"hexa-boho-onyx-slow-139x16","status":"publish","type":"product","link":"https:\/\/tilefly.com\/de\/produkt\/hexa-boho-onyx-slow-139x16\/","title":{"rendered":"HEXA BOHO ONYX SLOW 13,9X16"},"content":{"rendered":"<h2><strong>HEXA BOHO ONYX LANGSAM 13,9X16<\/strong><\/h2><p>HEXA BOHO ONYX SLOW 13,9X16 aus der Serie <a href=\"https:\/\/tilefly.com\/producto\/tonality\/\">TONALITY<\/a> verbindet die Eleganz des Steins Onyx mit einem b\u00f6hmischen Touch dank der gl\u00e4nzenden Oberfl\u00e4che und der Details in Graut\u00f6nen. Dieses 13,9&#215;16 cm gro\u00dfe sechseckige Feinsteinzeug ist perfekt, um originelle R\u00e4ume voller Pers\u00f6nlichkeit zu gestalten. Stellen Sie sich eine K\u00fcche vor, die mit diesem Mosaik verkleidet ist und Funktionalit\u00e4t und Stil vereint, oder einen Gesch\u00e4ftsraum, der durch seine Originalit\u00e4t und seinen Charakter alle Blicke auf sich zieht.  <\/p>","protected":false},"excerpt":{"rendered":"<p>HEXA BOHO ONYX LANGSAM 13,9X16HEXA BOHO ONYX SLOW 13,9X16 aus der Serie TONALITY verbindet die Eleganz des Steins Onyx mit einem b\u00f6hmischen Touch dank der gl\u00e4nzenden Oberfl\u00e4che und der Details in Graut\u00f6nen. Dieses 13,9&#215;16 cm gro\u00dfe sechseckige Feinsteinzeug ist perfekt, um originelle R\u00e4ume voller Pers\u00f6nlichkeit zu gestalten. Stellen Sie sich eine K\u00fcche vor, die mit [&hellip;]<\/p>\n","protected":false},"featured_media":551842,"comment_status":"open","ping_status":"closed","template":"","meta":[],"product_brand":[],"product_cat":[457,458,456,459],"product_tag":[],"class_list":{"0":"post-552786","1":"product","2":"type-product","3":"status-publish","4":"has-post-thumbnail","6":"product_cat-badezimmer","7":"product_cat-kuchen","8":"product_cat-vohnzimmer","9":"product_cat-wandfliesen","11":"first","12":"instock","13":"shipping-taxable","14":"purchasable","15":"product-type-simple"},"_links":{"self":[{"href":"https:\/\/tilefly.com\/de\/wp-json\/wp\/v2\/product\/552786","targetHints":{"allow":["GET"]}}],"collection":[{"href":"https:\/\/tilefly.com\/de\/wp-json\/wp\/v2\/product"}],"about":[{"href":"https:\/\/tilefly.com\/de\/wp-json\/wp\/v2\/types\/product"}],"replies":[{"embeddable":true,"href":"https:\/\/tilefly.com\/de\/wp-json\/wp\/v2\/comments?post=552786"}],"wp:featuredmedia":[{"embeddable":true,"href":"https:\/\/tilefly.com\/de\/wp-json\/wp\/v2\/media\/551842"}],"wp:attachment":[{"href":"https:\/\/tilefly.com\/de\/wp-json\/wp\/v2\/media?parent=552786"}],"wp:term":[{"taxonomy":"product_brand","embeddable":true,"href":"https:\/\/tilefly.com\/de\/wp-json\/wp\/v2\/product_brand?post=552786"},{"taxonomy":"product_cat","embeddable":true,"href":"https:\/\/tilefly.com\/de\/wp-json\/wp\/v2\/product_cat?post=552786"},{"taxonomy":"product_tag","embeddable":true,"href":"https:\/\/tilefly.com\/de\/wp-json\/wp\/v2\/product_tag?post=552786"}],"curies":[{"name":"wp","href":"https:\/\/api.w.org\/{rel}","templated":true}]}}