{"id":552775,"date":"2025-02-14T18:44:35","date_gmt":"2025-02-14T17:44:35","guid":{"rendered":"https:\/\/tilefly.com\/producto\/brolio-cenere-rect-60x60\/"},"modified":"2025-02-15T02:04:31","modified_gmt":"2025-02-15T01:04:31","slug":"brolio-cenere-rect-60x60","status":"publish","type":"product","link":"https:\/\/tilefly.com\/de\/produkt\/brolio-cenere-rect-60x60\/","title":{"rendered":"BROLIO CENERE RECT 60X60"},"content":{"rendered":"<h2><strong>BROLIO CENERE RECT 60X60<\/strong><\/h2><p>BROLIO CENERE RECT 60X60, Teil der angesehenen Serie <a href=\"https:\/\/tilefly.com\/producto\/antico-casale\/\">Antico Casale<\/a>, bietet eine moderne und anspruchsvolle Interpretation der rustikalen \u00c4sthetik. Die Farbe Esche, ein sanftes und vielseitiges Grau, verleiht jedem Raum einen Hauch von schlichter Eleganz. Das quadratische Format von 60&#215;60 cm, rektifiziert f\u00fcr eine einwandfreie Verlegung mit minimalen Fugen, tr\u00e4gt zu einem Gef\u00fchl von Gro\u00dfz\u00fcgigkeit und Kontinuit\u00e4t bei. Diese Bodenfliese aus hochwertigem Porzellan ist verschlei\u00dffest, feuchtigkeitsbest\u00e4ndig und fleckenunempfindlich und eignet sich daher f\u00fcr jeden Bereich Ihres Zuhauses. Ihre matte Oberfl\u00e4che verleiht ihr eine angenehme Haptik und ein raffiniertes Aussehen, ohne st\u00f6rende Reflexionen.    <\/p>","protected":false},"excerpt":{"rendered":"<p>BROLIO CENERE RECT 60X60BROLIO CENERE RECT 60X60, Teil der angesehenen Serie Antico Casale, bietet eine moderne und anspruchsvolle Interpretation der rustikalen \u00c4sthetik. Die Farbe Esche, ein sanftes und vielseitiges Grau, verleiht jedem Raum einen Hauch von schlichter Eleganz. Das quadratische Format von 60&#215;60 cm, rektifiziert f\u00fcr eine einwandfreie Verlegung mit minimalen Fugen, tr\u00e4gt zu einem [&hellip;]<\/p>\n","protected":false},"featured_media":552393,"comment_status":"open","ping_status":"closed","template":"","meta":[],"product_brand":[],"product_cat":[457,458,456,459],"product_tag":[],"class_list":{"0":"post-552775","1":"product","2":"type-product","3":"status-publish","4":"has-post-thumbnail","6":"product_cat-badezimmer","7":"product_cat-kuchen","8":"product_cat-vohnzimmer","9":"product_cat-wandfliesen","11":"first","12":"instock","13":"shipping-taxable","14":"purchasable","15":"product-type-simple"},"_links":{"self":[{"href":"https:\/\/tilefly.com\/de\/wp-json\/wp\/v2\/product\/552775","targetHints":{"allow":["GET"]}}],"collection":[{"href":"https:\/\/tilefly.com\/de\/wp-json\/wp\/v2\/product"}],"about":[{"href":"https:\/\/tilefly.com\/de\/wp-json\/wp\/v2\/types\/product"}],"replies":[{"embeddable":true,"href":"https:\/\/tilefly.com\/de\/wp-json\/wp\/v2\/comments?post=552775"}],"wp:featuredmedia":[{"embeddable":true,"href":"https:\/\/tilefly.com\/de\/wp-json\/wp\/v2\/media\/552393"}],"wp:attachment":[{"href":"https:\/\/tilefly.com\/de\/wp-json\/wp\/v2\/media?parent=552775"}],"wp:term":[{"taxonomy":"product_brand","embeddable":true,"href":"https:\/\/tilefly.com\/de\/wp-json\/wp\/v2\/product_brand?post=552775"},{"taxonomy":"product_cat","embeddable":true,"href":"https:\/\/tilefly.com\/de\/wp-json\/wp\/v2\/product_cat?post=552775"},{"taxonomy":"product_tag","embeddable":true,"href":"https:\/\/tilefly.com\/de\/wp-json\/wp\/v2\/product_tag?post=552775"}],"curies":[{"name":"wp","href":"https:\/\/api.w.org\/{rel}","templated":true}]}}