{"id":552769,"date":"2025-02-14T18:44:25","date_gmt":"2025-02-14T17:44:25","guid":{"rendered":"https:\/\/tilefly.com\/producto\/orcia-cenere-rect-60x60\/"},"modified":"2025-02-15T02:04:24","modified_gmt":"2025-02-15T01:04:24","slug":"orcia-cenere-rect-60x60","status":"publish","type":"product","link":"https:\/\/tilefly.com\/de\/produkt\/orcia-cenere-rect-60x60\/","title":{"rendered":"ORCIA CENERE RECT 60X60"},"content":{"rendered":"<h2><strong>ORCIA CENERE RECT 60X60<\/strong><\/h2><p>Die Fliese ORCIA CENERE RECT 60X60, ein elegantes Mitglied der Serie <a href=\"https:\/\/tilefly.com\/producto\/antico-casale\/\">Antico Casale<\/a>, f\u00e4ngt die Essenz italienischer Handwerkskunst mit einer modernen Note ein. Ihre Aschefarbe, ein sanftes, neutrales Grau, bringt Gelassenheit und Vielseitigkeit in jede Umgebung und l\u00e4sst sich perfekt mit einer breiten Palette von Dekorationsstilen kombinieren. Das Format 60&#215;60 cm, rektifiziert f\u00fcr eine pr\u00e4zise Verlegung und fast unsichtbare Fugen, schafft eine einheitliche und moderne Oberfl\u00e4che. Diese Fliese aus strapazierf\u00e4higem und langlebigem Feinsteinzeug eignet sich perfekt f\u00fcr B\u00f6den und W\u00e4nde in jedem Wohnbereich, auch in stark frequentierten Bereichen. Ihre matte Oberfl\u00e4che verleiht ihr eine glatte Textur und ein elegantes und dezentes Aussehen, das unerw\u00fcnschte Reflexionen vermeidet.    <\/p>","protected":false},"excerpt":{"rendered":"<p>ORCIA CENERE RECT 60X60Die Fliese ORCIA CENERE RECT 60X60, ein elegantes Mitglied der Serie Antico Casale, f\u00e4ngt die Essenz italienischer Handwerkskunst mit einer modernen Note ein. Ihre Aschefarbe, ein sanftes, neutrales Grau, bringt Gelassenheit und Vielseitigkeit in jede Umgebung und l\u00e4sst sich perfekt mit einer breiten Palette von Dekorationsstilen kombinieren. Das Format 60&#215;60 cm, rektifiziert [&hellip;]<\/p>\n","protected":false},"featured_media":552354,"comment_status":"open","ping_status":"closed","template":"","meta":[],"product_brand":[],"product_cat":[457,458,456,459],"product_tag":[],"class_list":{"0":"post-552769","1":"product","2":"type-product","3":"status-publish","4":"has-post-thumbnail","6":"product_cat-badezimmer","7":"product_cat-kuchen","8":"product_cat-vohnzimmer","9":"product_cat-wandfliesen","11":"first","12":"instock","13":"shipping-taxable","14":"purchasable","15":"product-type-simple"},"_links":{"self":[{"href":"https:\/\/tilefly.com\/de\/wp-json\/wp\/v2\/product\/552769","targetHints":{"allow":["GET"]}}],"collection":[{"href":"https:\/\/tilefly.com\/de\/wp-json\/wp\/v2\/product"}],"about":[{"href":"https:\/\/tilefly.com\/de\/wp-json\/wp\/v2\/types\/product"}],"replies":[{"embeddable":true,"href":"https:\/\/tilefly.com\/de\/wp-json\/wp\/v2\/comments?post=552769"}],"wp:featuredmedia":[{"embeddable":true,"href":"https:\/\/tilefly.com\/de\/wp-json\/wp\/v2\/media\/552354"}],"wp:attachment":[{"href":"https:\/\/tilefly.com\/de\/wp-json\/wp\/v2\/media?parent=552769"}],"wp:term":[{"taxonomy":"product_brand","embeddable":true,"href":"https:\/\/tilefly.com\/de\/wp-json\/wp\/v2\/product_brand?post=552769"},{"taxonomy":"product_cat","embeddable":true,"href":"https:\/\/tilefly.com\/de\/wp-json\/wp\/v2\/product_cat?post=552769"},{"taxonomy":"product_tag","embeddable":true,"href":"https:\/\/tilefly.com\/de\/wp-json\/wp\/v2\/product_tag?post=552769"}],"curies":[{"name":"wp","href":"https:\/\/api.w.org\/{rel}","templated":true}]}}