{"id":552766,"date":"2025-02-14T18:44:29","date_gmt":"2025-02-14T17:44:29","guid":{"rendered":"https:\/\/tilefly.com\/producto\/orcia-ecru-rect-60x60\/"},"modified":"2025-02-15T02:04:23","modified_gmt":"2025-02-15T01:04:23","slug":"orcia-ecru-rect-60x60","status":"publish","type":"product","link":"https:\/\/tilefly.com\/de\/produkt\/orcia-ecru-rect-60x60\/","title":{"rendered":"ORCIA ECRU RECT 60X60"},"content":{"rendered":"<h2><strong>ORCIA ECRU RECT 60X60<\/strong><\/h2><p>ORCIA ECRU RECT 60X60 aus der bezaubernden Serie <a href=\"https:\/\/tilefly.com\/producto\/antico-casale\/\">Antico Casale<\/a> ist eine Fliese, die traditionelle W\u00e4rme mit einem Hauch von Modernit\u00e4t verbindet. Sie zeichnet sich durch einen f\u00fcr einen Cotto ungew\u00f6hnlichen Blauton aus, der ihr eine einzigartige und erfrischende Pers\u00f6nlichkeit verleiht. Ihr quadratisches Format von 60&#215;60 cm mit geschliffenen Kanten f\u00fcr minimale Fugen sorgt f\u00fcr eine klare, moderne \u00c4sthetik. Das hochwertige Feinsteinzeug garantiert eine au\u00dfergew\u00f6hnliche Widerstandsf\u00e4higkeit gegen Abnutzung, Feuchtigkeit und Flecken, wodurch es sich ideal f\u00fcr B\u00f6den und W\u00e4nde in jedem Raum eignet. Die matte Oberfl\u00e4che verleiht ihm eine subtile Eleganz, hebt die Oberfl\u00e4chenstruktur hervor und bietet eine angenehme Haptik.    <\/p>","protected":false},"excerpt":{"rendered":"<p>ORCIA ECRU RECT 60X60ORCIA ECRU RECT 60X60 aus der bezaubernden Serie Antico Casale ist eine Fliese, die traditionelle W\u00e4rme mit einem Hauch von Modernit\u00e4t verbindet. Sie zeichnet sich durch einen f\u00fcr einen Cotto ungew\u00f6hnlichen Blauton aus, der ihr eine einzigartige und erfrischende Pers\u00f6nlichkeit verleiht. Ihr quadratisches Format von 60&#215;60 cm mit geschliffenen Kanten f\u00fcr minimale [&hellip;]<\/p>\n","protected":false},"featured_media":552367,"comment_status":"open","ping_status":"closed","template":"","meta":[],"product_brand":[],"product_cat":[457,458,456,459],"product_tag":[],"class_list":{"0":"post-552766","1":"product","2":"type-product","3":"status-publish","4":"has-post-thumbnail","6":"product_cat-badezimmer","7":"product_cat-kuchen","8":"product_cat-vohnzimmer","9":"product_cat-wandfliesen","11":"first","12":"instock","13":"shipping-taxable","14":"purchasable","15":"product-type-simple"},"_links":{"self":[{"href":"https:\/\/tilefly.com\/de\/wp-json\/wp\/v2\/product\/552766","targetHints":{"allow":["GET"]}}],"collection":[{"href":"https:\/\/tilefly.com\/de\/wp-json\/wp\/v2\/product"}],"about":[{"href":"https:\/\/tilefly.com\/de\/wp-json\/wp\/v2\/types\/product"}],"replies":[{"embeddable":true,"href":"https:\/\/tilefly.com\/de\/wp-json\/wp\/v2\/comments?post=552766"}],"wp:featuredmedia":[{"embeddable":true,"href":"https:\/\/tilefly.com\/de\/wp-json\/wp\/v2\/media\/552367"}],"wp:attachment":[{"href":"https:\/\/tilefly.com\/de\/wp-json\/wp\/v2\/media?parent=552766"}],"wp:term":[{"taxonomy":"product_brand","embeddable":true,"href":"https:\/\/tilefly.com\/de\/wp-json\/wp\/v2\/product_brand?post=552766"},{"taxonomy":"product_cat","embeddable":true,"href":"https:\/\/tilefly.com\/de\/wp-json\/wp\/v2\/product_cat?post=552766"},{"taxonomy":"product_tag","embeddable":true,"href":"https:\/\/tilefly.com\/de\/wp-json\/wp\/v2\/product_tag?post=552766"}],"curies":[{"name":"wp","href":"https:\/\/api.w.org\/{rel}","templated":true}]}}