{"id":552749,"date":"2025-02-14T15:40:27","date_gmt":"2025-02-14T14:40:27","guid":{"rendered":"https:\/\/tilefly.com\/producto\/pienza-ecru-rect-120x120\/"},"modified":"2025-02-15T02:04:05","modified_gmt":"2025-02-15T01:04:05","slug":"pienza-ecru-rect-120x120","status":"publish","type":"product","link":"https:\/\/tilefly.com\/de\/produkt\/pienza-ecru-rect-120x120\/","title":{"rendered":"PIENZA ECRU RECT 120X120"},"content":{"rendered":"<h2><strong>PIENZA ECRU RECT 120X120<\/strong><\/h2><p>Die PIENZA ECRU RECT 120X120 in elegantem Grau bringt einen Hauch von Raffinesse und Modernit\u00e4t in Ihren Bodenbelag. Diese rektifizierte Fliese 120&#215;120 cm aus widerstandsf\u00e4higem Feinsteinzeug ist ideal f\u00fcr R\u00e4ume, die einen modernen und minimalistischen Stil suchen. Ihre matte Oberfl\u00e4che unterstreicht die N\u00fcchternheit der Farbe und schafft eine ruhige Atmosph\u00e4re voller Harmonie. Tauchen Sie ein in die Eleganz und Vielseitigkeit dieses Schl\u00fcsselst\u00fccks der Serie <a href=\"https:\/\/tilefly.com\/producto\/antico-casale\/\">ANTICO CASALE<\/a> und verwandeln Sie Ihre R\u00e4ume mit einem Hauch von italienischem Stil.   <\/p>","protected":false},"excerpt":{"rendered":"<p>PIENZA ECRU RECT 120X120Die PIENZA ECRU RECT 120X120 in elegantem Grau bringt einen Hauch von Raffinesse und Modernit\u00e4t in Ihren Bodenbelag. Diese rektifizierte Fliese 120&#215;120 cm aus widerstandsf\u00e4higem Feinsteinzeug ist ideal f\u00fcr R\u00e4ume, die einen modernen und minimalistischen Stil suchen. Ihre matte Oberfl\u00e4che unterstreicht die N\u00fcchternheit der Farbe und schafft eine ruhige Atmosph\u00e4re voller Harmonie. [&hellip;]<\/p>\n","protected":false},"featured_media":552235,"comment_status":"open","ping_status":"closed","template":"","meta":[],"product_brand":[],"product_cat":[457,458,456,459],"product_tag":[],"class_list":{"0":"post-552749","1":"product","2":"type-product","3":"status-publish","4":"has-post-thumbnail","6":"product_cat-badezimmer","7":"product_cat-kuchen","8":"product_cat-vohnzimmer","9":"product_cat-wandfliesen","11":"first","12":"instock","13":"shipping-taxable","14":"purchasable","15":"product-type-simple"},"_links":{"self":[{"href":"https:\/\/tilefly.com\/de\/wp-json\/wp\/v2\/product\/552749","targetHints":{"allow":["GET"]}}],"collection":[{"href":"https:\/\/tilefly.com\/de\/wp-json\/wp\/v2\/product"}],"about":[{"href":"https:\/\/tilefly.com\/de\/wp-json\/wp\/v2\/types\/product"}],"replies":[{"embeddable":true,"href":"https:\/\/tilefly.com\/de\/wp-json\/wp\/v2\/comments?post=552749"}],"wp:featuredmedia":[{"embeddable":true,"href":"https:\/\/tilefly.com\/de\/wp-json\/wp\/v2\/media\/552235"}],"wp:attachment":[{"href":"https:\/\/tilefly.com\/de\/wp-json\/wp\/v2\/media?parent=552749"}],"wp:term":[{"taxonomy":"product_brand","embeddable":true,"href":"https:\/\/tilefly.com\/de\/wp-json\/wp\/v2\/product_brand?post=552749"},{"taxonomy":"product_cat","embeddable":true,"href":"https:\/\/tilefly.com\/de\/wp-json\/wp\/v2\/product_cat?post=552749"},{"taxonomy":"product_tag","embeddable":true,"href":"https:\/\/tilefly.com\/de\/wp-json\/wp\/v2\/product_tag?post=552749"}],"curies":[{"name":"wp","href":"https:\/\/api.w.org\/{rel}","templated":true}]}}