{"id":552739,"date":"2025-02-14T15:38:31","date_gmt":"2025-02-14T14:38:31","guid":{"rendered":"https:\/\/tilefly.com\/producto\/brolio-cenere-rect-120x120\/"},"modified":"2025-02-15T02:03:57","modified_gmt":"2025-02-15T01:03:57","slug":"brolio-cenere-rect-120x120","status":"publish","type":"product","link":"https:\/\/tilefly.com\/de\/produkt\/brolio-cenere-rect-120x120\/","title":{"rendered":"BROLIO CENERE RECT 120X120"},"content":{"rendered":"<h2><strong>BROLIO CENERE RECT 120X120<\/strong><\/h2><p>Die BROLIO CENERE RECT 120X120 in der modernen Farbe Esche bietet eine neutrale und raffinierte Basis f\u00fcr Ihren Bodenbelag. Diese rektifizierte Fliese 120&#215;120 cm aus widerstandsf\u00e4higem Feinsteinzeug ist ideal f\u00fcr R\u00e4ume, in denen ein zeitgen\u00f6ssischer und eleganter Stil gefragt ist. Ihre matte Oberfl\u00e4che hebt die Textur und die Farbe hervor und schafft eine ruhige und harmonische Atmosph\u00e4re. Entdecken Sie die Vielseitigkeit und Sch\u00f6nheit dieses Schl\u00fcsselst\u00fccks der Serie <a href=\"https:\/\/tilefly.com\/producto\/antico-casale\/\">ANTICO CASALE<\/a> und verwandeln Sie Ihre R\u00e4ume mit einem Hauch von italienischer Eleganz.   <\/p>","protected":false},"excerpt":{"rendered":"<p>BROLIO CENERE RECT 120X120Die BROLIO CENERE RECT 120X120 in der modernen Farbe Esche bietet eine neutrale und raffinierte Basis f\u00fcr Ihren Bodenbelag. Diese rektifizierte Fliese 120&#215;120 cm aus widerstandsf\u00e4higem Feinsteinzeug ist ideal f\u00fcr R\u00e4ume, in denen ein zeitgen\u00f6ssischer und eleganter Stil gefragt ist. Ihre matte Oberfl\u00e4che hebt die Textur und die Farbe hervor und schafft [&hellip;]<\/p>\n","protected":false},"featured_media":552170,"comment_status":"open","ping_status":"closed","template":"","meta":[],"product_brand":[],"product_cat":[457,458,456,459],"product_tag":[],"class_list":{"0":"post-552739","1":"product","2":"type-product","3":"status-publish","4":"has-post-thumbnail","6":"product_cat-badezimmer","7":"product_cat-kuchen","8":"product_cat-vohnzimmer","9":"product_cat-wandfliesen","11":"first","12":"instock","13":"shipping-taxable","14":"purchasable","15":"product-type-simple"},"_links":{"self":[{"href":"https:\/\/tilefly.com\/de\/wp-json\/wp\/v2\/product\/552739","targetHints":{"allow":["GET"]}}],"collection":[{"href":"https:\/\/tilefly.com\/de\/wp-json\/wp\/v2\/product"}],"about":[{"href":"https:\/\/tilefly.com\/de\/wp-json\/wp\/v2\/types\/product"}],"replies":[{"embeddable":true,"href":"https:\/\/tilefly.com\/de\/wp-json\/wp\/v2\/comments?post=552739"}],"wp:featuredmedia":[{"embeddable":true,"href":"https:\/\/tilefly.com\/de\/wp-json\/wp\/v2\/media\/552170"}],"wp:attachment":[{"href":"https:\/\/tilefly.com\/de\/wp-json\/wp\/v2\/media?parent=552739"}],"wp:term":[{"taxonomy":"product_brand","embeddable":true,"href":"https:\/\/tilefly.com\/de\/wp-json\/wp\/v2\/product_brand?post=552739"},{"taxonomy":"product_cat","embeddable":true,"href":"https:\/\/tilefly.com\/de\/wp-json\/wp\/v2\/product_cat?post=552739"},{"taxonomy":"product_tag","embeddable":true,"href":"https:\/\/tilefly.com\/de\/wp-json\/wp\/v2\/product_tag?post=552739"}],"curies":[{"name":"wp","href":"https:\/\/api.w.org\/{rel}","templated":true}]}}