{"id":552733,"date":"2025-02-14T15:38:24","date_gmt":"2025-02-14T14:38:24","guid":{"rendered":"https:\/\/tilefly.com\/producto\/brolio-cotto-rect-120x120\/"},"modified":"2025-02-15T02:03:52","modified_gmt":"2025-02-15T01:03:52","slug":"brolio-cotto-rect-120x120","status":"publish","type":"product","link":"https:\/\/tilefly.com\/de\/produkt\/brolio-cotto-rect-120x120\/","title":{"rendered":"BROLIO COTTO RECT 120X120"},"content":{"rendered":"<h2><strong>BROLIO COTTO RECT 120X120<\/strong><\/h2><p>Die BROLIO COTTO RECT 120X120 in einem sanften Beigeton bringt W\u00e4rme und Helligkeit in jede Umgebung. Diese 120&#215;120 cm gro\u00dfe, rektifizierte Fliese aus hochwertigem Feinsteinzeug ist perfekt f\u00fcr B\u00f6den, die einen gem\u00fctlichen und eleganten Stil suchen. Ihre matte Oberfl\u00e4che unterstreicht die Nat\u00fcrlichkeit des Materials und schafft R\u00e4ume voller Harmonie und Komfort. Tauchen Sie ein in die Gelassenheit und Sch\u00f6nheit dieses vielseitigen St\u00fccks aus der Serie <a href=\"https:\/\/tilefly.com\/producto\/antico-casale\/\">ANTICO CASALE<\/a> und verwandeln Sie Ihre R\u00e4ume mit einem Hauch von italienischer Eleganz.   <\/p>","protected":false},"excerpt":{"rendered":"<p>BROLIO COTTO RECT 120X120Die BROLIO COTTO RECT 120X120 in einem sanften Beigeton bringt W\u00e4rme und Helligkeit in jede Umgebung. Diese 120&#215;120 cm gro\u00dfe, rektifizierte Fliese aus hochwertigem Feinsteinzeug ist perfekt f\u00fcr B\u00f6den, die einen gem\u00fctlichen und eleganten Stil suchen. Ihre matte Oberfl\u00e4che unterstreicht die Nat\u00fcrlichkeit des Materials und schafft R\u00e4ume voller Harmonie und Komfort. Tauchen [&hellip;]<\/p>\n","protected":false},"featured_media":552157,"comment_status":"open","ping_status":"closed","template":"","meta":[],"product_brand":[],"product_cat":[457,458,456,459],"product_tag":[],"class_list":{"0":"post-552733","1":"product","2":"type-product","3":"status-publish","4":"has-post-thumbnail","6":"product_cat-badezimmer","7":"product_cat-kuchen","8":"product_cat-vohnzimmer","9":"product_cat-wandfliesen","11":"first","12":"instock","13":"shipping-taxable","14":"purchasable","15":"product-type-simple"},"_links":{"self":[{"href":"https:\/\/tilefly.com\/de\/wp-json\/wp\/v2\/product\/552733","targetHints":{"allow":["GET"]}}],"collection":[{"href":"https:\/\/tilefly.com\/de\/wp-json\/wp\/v2\/product"}],"about":[{"href":"https:\/\/tilefly.com\/de\/wp-json\/wp\/v2\/types\/product"}],"replies":[{"embeddable":true,"href":"https:\/\/tilefly.com\/de\/wp-json\/wp\/v2\/comments?post=552733"}],"wp:featuredmedia":[{"embeddable":true,"href":"https:\/\/tilefly.com\/de\/wp-json\/wp\/v2\/media\/552157"}],"wp:attachment":[{"href":"https:\/\/tilefly.com\/de\/wp-json\/wp\/v2\/media?parent=552733"}],"wp:term":[{"taxonomy":"product_brand","embeddable":true,"href":"https:\/\/tilefly.com\/de\/wp-json\/wp\/v2\/product_brand?post=552733"},{"taxonomy":"product_cat","embeddable":true,"href":"https:\/\/tilefly.com\/de\/wp-json\/wp\/v2\/product_cat?post=552733"},{"taxonomy":"product_tag","embeddable":true,"href":"https:\/\/tilefly.com\/de\/wp-json\/wp\/v2\/product_tag?post=552733"}],"curies":[{"name":"wp","href":"https:\/\/api.w.org\/{rel}","templated":true}]}}