{"id":552731,"date":"2025-02-14T15:38:18","date_gmt":"2025-02-14T14:38:18","guid":{"rendered":"https:\/\/tilefly.com\/producto\/orcia-cenere-rect-120x120\/"},"modified":"2025-02-15T02:03:48","modified_gmt":"2025-02-15T01:03:48","slug":"orcia-cenere-rect-120x120","status":"publish","type":"product","link":"https:\/\/tilefly.com\/de\/produkt\/orcia-cenere-rect-120x120\/","title":{"rendered":"ORCIA CENERE RECT 120X120"},"content":{"rendered":"<h2><strong>ORCIA CENERE RECT 120X120<\/strong><\/h2><p>Die ORCIA CENERE RECT 120X120 in der eleganten Farbe Esche bietet eine neutrale und raffinierte Basis f\u00fcr Ihren Bodenbelag. Diese rektifizierte Fliese 120&#215;120 cm aus widerstandsf\u00e4higem Feinsteinzeug ist ideal f\u00fcr R\u00e4ume, in denen ein moderner und zeitloser Stil gefragt ist. Ihre matte Oberfl\u00e4che hebt die Textur und die Farbe hervor und schafft eine ruhige und harmonische Atmosph\u00e4re. Entdecken Sie die Vielseitigkeit und Sch\u00f6nheit dieses Schl\u00fcsselst\u00fccks der Serie <a href=\"https:\/\/tilefly.com\/producto\/antico-casale\/\">ANTICO CASALE<\/a> und verwandeln Sie Ihre R\u00e4ume mit einem Hauch von italienischer Eleganz.   <\/p>","protected":false},"excerpt":{"rendered":"<p>ORCIA CENERE RECT 120X120Die ORCIA CENERE RECT 120X120 in der eleganten Farbe Esche bietet eine neutrale und raffinierte Basis f\u00fcr Ihren Bodenbelag. Diese rektifizierte Fliese 120&#215;120 cm aus widerstandsf\u00e4higem Feinsteinzeug ist ideal f\u00fcr R\u00e4ume, in denen ein moderner und zeitloser Stil gefragt ist. Ihre matte Oberfl\u00e4che hebt die Textur und die Farbe hervor und schafft [&hellip;]<\/p>\n","protected":false},"featured_media":552131,"comment_status":"open","ping_status":"closed","template":"","meta":[],"product_brand":[],"product_cat":[457,458,456,459],"product_tag":[],"class_list":{"0":"post-552731","1":"product","2":"type-product","3":"status-publish","4":"has-post-thumbnail","6":"product_cat-badezimmer","7":"product_cat-kuchen","8":"product_cat-vohnzimmer","9":"product_cat-wandfliesen","11":"first","12":"instock","13":"shipping-taxable","14":"purchasable","15":"product-type-simple"},"_links":{"self":[{"href":"https:\/\/tilefly.com\/de\/wp-json\/wp\/v2\/product\/552731","targetHints":{"allow":["GET"]}}],"collection":[{"href":"https:\/\/tilefly.com\/de\/wp-json\/wp\/v2\/product"}],"about":[{"href":"https:\/\/tilefly.com\/de\/wp-json\/wp\/v2\/types\/product"}],"replies":[{"embeddable":true,"href":"https:\/\/tilefly.com\/de\/wp-json\/wp\/v2\/comments?post=552731"}],"wp:featuredmedia":[{"embeddable":true,"href":"https:\/\/tilefly.com\/de\/wp-json\/wp\/v2\/media\/552131"}],"wp:attachment":[{"href":"https:\/\/tilefly.com\/de\/wp-json\/wp\/v2\/media?parent=552731"}],"wp:term":[{"taxonomy":"product_brand","embeddable":true,"href":"https:\/\/tilefly.com\/de\/wp-json\/wp\/v2\/product_brand?post=552731"},{"taxonomy":"product_cat","embeddable":true,"href":"https:\/\/tilefly.com\/de\/wp-json\/wp\/v2\/product_cat?post=552731"},{"taxonomy":"product_tag","embeddable":true,"href":"https:\/\/tilefly.com\/de\/wp-json\/wp\/v2\/product_tag?post=552731"}],"curies":[{"name":"wp","href":"https:\/\/api.w.org\/{rel}","templated":true}]}}