{"id":552727,"date":"2025-02-14T15:38:04","date_gmt":"2025-02-14T14:38:04","guid":{"rendered":"https:\/\/tilefly.com\/producto\/anti-slip-casale-ecru-rect-60x120\/"},"modified":"2025-02-15T02:03:46","modified_gmt":"2025-02-15T01:03:46","slug":"anti-slip-casale-ecru-rect-60x120","status":"publish","type":"product","link":"https:\/\/tilefly.com\/de\/produkt\/anti-slip-casale-ecru-rect-60x120\/","title":{"rendered":"ANTI-SLIP CASALE ECRU RECT 60X120"},"content":{"rendered":"<h2><strong>ANTI-RUTSCH-KASALE ECRU RECT 60X120<\/strong><\/h2><p>Die ANTI-SLIP CASALE ECRU RECT 60X120, in einem zarten Beigeton, bringt Helligkeit und W\u00e4rme in jede Umgebung. Diese 60&#215;120 cm gro\u00dfe, rektifizierte Fliese aus hochwertigem Feinsteinzeug ist ideal f\u00fcr B\u00f6den, die ein elegantes und sicheres Design suchen. Ihre matte Oberfl\u00e4che und die rutschhemmenden Eigenschaften sorgen f\u00fcr ein sicheres Gef\u00fchl in Bereichen, in denen Trittsicherheit wichtig ist. Tauchen Sie ein in die Gelassenheit und Sicherheit der Serie <a href=\"https:\/\/tilefly.com\/producto\/antico-casale\/\">ANTICO CASALE<\/a> mit diesem vielseitigen und charmanten St\u00fcck.   <\/p>","protected":false},"excerpt":{"rendered":"<p>ANTI-RUTSCH-KASALE ECRU RECT 60X120Die ANTI-SLIP CASALE ECRU RECT 60X120, in einem zarten Beigeton, bringt Helligkeit und W\u00e4rme in jede Umgebung. Diese 60&#215;120 cm gro\u00dfe, rektifizierte Fliese aus hochwertigem Feinsteinzeug ist ideal f\u00fcr B\u00f6den, die ein elegantes und sicheres Design suchen. Ihre matte Oberfl\u00e4che und die rutschhemmenden Eigenschaften sorgen f\u00fcr ein sicheres Gef\u00fchl in Bereichen, in [&hellip;]<\/p>\n","protected":false},"featured_media":552092,"comment_status":"open","ping_status":"closed","template":"","meta":[],"product_brand":[],"product_cat":[457,458,456,459],"product_tag":[],"class_list":{"0":"post-552727","1":"product","2":"type-product","3":"status-publish","4":"has-post-thumbnail","6":"product_cat-badezimmer","7":"product_cat-kuchen","8":"product_cat-vohnzimmer","9":"product_cat-wandfliesen","11":"first","12":"outofstock","13":"shipping-taxable","14":"purchasable","15":"product-type-simple"},"_links":{"self":[{"href":"https:\/\/tilefly.com\/de\/wp-json\/wp\/v2\/product\/552727","targetHints":{"allow":["GET"]}}],"collection":[{"href":"https:\/\/tilefly.com\/de\/wp-json\/wp\/v2\/product"}],"about":[{"href":"https:\/\/tilefly.com\/de\/wp-json\/wp\/v2\/types\/product"}],"replies":[{"embeddable":true,"href":"https:\/\/tilefly.com\/de\/wp-json\/wp\/v2\/comments?post=552727"}],"wp:featuredmedia":[{"embeddable":true,"href":"https:\/\/tilefly.com\/de\/wp-json\/wp\/v2\/media\/552092"}],"wp:attachment":[{"href":"https:\/\/tilefly.com\/de\/wp-json\/wp\/v2\/media?parent=552727"}],"wp:term":[{"taxonomy":"product_brand","embeddable":true,"href":"https:\/\/tilefly.com\/de\/wp-json\/wp\/v2\/product_brand?post=552727"},{"taxonomy":"product_cat","embeddable":true,"href":"https:\/\/tilefly.com\/de\/wp-json\/wp\/v2\/product_cat?post=552727"},{"taxonomy":"product_tag","embeddable":true,"href":"https:\/\/tilefly.com\/de\/wp-json\/wp\/v2\/product_tag?post=552727"}],"curies":[{"name":"wp","href":"https:\/\/api.w.org\/{rel}","templated":true}]}}