{"id":552726,"date":"2025-02-14T15:38:13","date_gmt":"2025-02-14T14:38:13","guid":{"rendered":"https:\/\/tilefly.com\/producto\/orcia-cotto-rect-120x120\/"},"modified":"2025-02-15T02:03:45","modified_gmt":"2025-02-15T01:03:45","slug":"orcia-cotto-rect-120x120","status":"publish","type":"product","link":"https:\/\/tilefly.com\/de\/produkt\/orcia-cotto-rect-120x120\/","title":{"rendered":"ORCIA COTTO RECT 120X120"},"content":{"rendered":"<h2><strong>COTTO RECT ORCIA 120X120<\/strong><\/h2><p>Die ORCIA COTTO RECT 120X120 f\u00e4ngt mit ihrer satten braunen Farbe die rustikale und einladende Essenz der Toskana ein. Diese rektifizierte Fliese 120&#215;120 cm aus hochwertigem Feinsteinzeug ist perfekt f\u00fcr B\u00f6den, die einen authentischen Stil voller Charakter suchen. Ihre matte Oberfl\u00e4che unterstreicht die nat\u00fcrliche Sch\u00f6nheit des Materials und schafft warme und einladende R\u00e4ume. Tauchen Sie ein in die italienische Tradition und verwandeln Sie Ihre R\u00e4ume mit diesem emblematischen St\u00fcck aus der Serie <a href=\"https:\/\/tilefly.com\/producto\/antico-casale\/\">ANTICO CASALE<\/a>.   <\/p>","protected":false},"excerpt":{"rendered":"<p>COTTO RECT ORCIA 120X120Die ORCIA COTTO RECT 120X120 f\u00e4ngt mit ihrer satten braunen Farbe die rustikale und einladende Essenz der Toskana ein. Diese rektifizierte Fliese 120&#215;120 cm aus hochwertigem Feinsteinzeug ist perfekt f\u00fcr B\u00f6den, die einen authentischen Stil voller Charakter suchen. Ihre matte Oberfl\u00e4che unterstreicht die nat\u00fcrliche Sch\u00f6nheit des Materials und schafft warme und einladende [&hellip;]<\/p>\n","protected":false},"featured_media":552118,"comment_status":"open","ping_status":"closed","template":"","meta":[],"product_brand":[],"product_cat":[457,458,456,459],"product_tag":[],"class_list":{"0":"post-552726","1":"product","2":"type-product","3":"status-publish","4":"has-post-thumbnail","6":"product_cat-badezimmer","7":"product_cat-kuchen","8":"product_cat-vohnzimmer","9":"product_cat-wandfliesen","11":"first","12":"instock","13":"shipping-taxable","14":"purchasable","15":"product-type-simple"},"_links":{"self":[{"href":"https:\/\/tilefly.com\/de\/wp-json\/wp\/v2\/product\/552726","targetHints":{"allow":["GET"]}}],"collection":[{"href":"https:\/\/tilefly.com\/de\/wp-json\/wp\/v2\/product"}],"about":[{"href":"https:\/\/tilefly.com\/de\/wp-json\/wp\/v2\/types\/product"}],"replies":[{"embeddable":true,"href":"https:\/\/tilefly.com\/de\/wp-json\/wp\/v2\/comments?post=552726"}],"wp:featuredmedia":[{"embeddable":true,"href":"https:\/\/tilefly.com\/de\/wp-json\/wp\/v2\/media\/552118"}],"wp:attachment":[{"href":"https:\/\/tilefly.com\/de\/wp-json\/wp\/v2\/media?parent=552726"}],"wp:term":[{"taxonomy":"product_brand","embeddable":true,"href":"https:\/\/tilefly.com\/de\/wp-json\/wp\/v2\/product_brand?post=552726"},{"taxonomy":"product_cat","embeddable":true,"href":"https:\/\/tilefly.com\/de\/wp-json\/wp\/v2\/product_cat?post=552726"},{"taxonomy":"product_tag","embeddable":true,"href":"https:\/\/tilefly.com\/de\/wp-json\/wp\/v2\/product_tag?post=552726"}],"curies":[{"name":"wp","href":"https:\/\/api.w.org\/{rel}","templated":true}]}}