{"id":552714,"date":"2025-02-14T18:47:43","date_gmt":"2025-02-14T17:47:43","guid":{"rendered":"https:\/\/tilefly.com\/producto\/palanzo-cenere-rect-60x60\/"},"modified":"2025-02-15T02:01:01","modified_gmt":"2025-02-15T01:01:01","slug":"palanzo-cenere-rect-60x60","status":"publish","type":"product","link":"https:\/\/tilefly.com\/de\/produkt\/palanzo-cenere-rect-60x60\/","title":{"rendered":"PALANZO CENERE RECT 60X60"},"content":{"rendered":"<h2><strong>PALANZO CENERE RECT 60X60<\/strong><\/h2><p>Die Fliese PALANZO CENERE RECT 60X60 aus der Serie <a href=\"https:\/\/tilefly.com\/producto\/antico-casale\/\">Antico Casale<\/a> bietet einen eleganten Ascheton, ein neutrales und raffiniertes Grau, das sich an jeden Einrichtungsstil anpasst. Mit ihrem quadratischen Format von 60&#215;60 cm und ihrer rektifizierten Kante lassen sich durchgehende und moderne Fl\u00e4chen schaffen, ideal f\u00fcr gro\u00dfe und helle R\u00e4ume. Diese aus hochwertigem Feinsteinzeug gefertigte Fliese ist extrem widerstandsf\u00e4hig und langlebig und eignet sich perfekt f\u00fcr B\u00f6den und W\u00e4nde in jedem Raum des Hauses. Die matte Oberfl\u00e4che ist rutschfest und pflegeleicht, was sie zu einer praktischen und funktionellen Wahl macht. Die Fliese PALANZO CENERE RECT 60X60 ist eine elegante und zeitlose Wahl, die einen Hauch von Gelassenheit und Raffinesse in jede Umgebung bringt.    <\/p>","protected":false},"excerpt":{"rendered":"<p>PALANZO CENERE RECT 60X60Die Fliese PALANZO CENERE RECT 60X60 aus der Serie Antico Casale bietet einen eleganten Ascheton, ein neutrales und raffiniertes Grau, das sich an jeden Einrichtungsstil anpasst. Mit ihrem quadratischen Format von 60&#215;60 cm und ihrer rektifizierten Kante lassen sich durchgehende und moderne Fl\u00e4chen schaffen, ideal f\u00fcr gro\u00dfe und helle R\u00e4ume. Diese aus [&hellip;]<\/p>\n","protected":false},"featured_media":552510,"comment_status":"open","ping_status":"closed","template":"","meta":[],"product_brand":[],"product_cat":[457,458,456,459],"product_tag":[],"class_list":{"0":"post-552714","1":"product","2":"type-product","3":"status-publish","4":"has-post-thumbnail","6":"product_cat-badezimmer","7":"product_cat-kuchen","8":"product_cat-vohnzimmer","9":"product_cat-wandfliesen","11":"first","12":"instock","13":"shipping-taxable","14":"purchasable","15":"product-type-simple"},"_links":{"self":[{"href":"https:\/\/tilefly.com\/de\/wp-json\/wp\/v2\/product\/552714","targetHints":{"allow":["GET"]}}],"collection":[{"href":"https:\/\/tilefly.com\/de\/wp-json\/wp\/v2\/product"}],"about":[{"href":"https:\/\/tilefly.com\/de\/wp-json\/wp\/v2\/types\/product"}],"replies":[{"embeddable":true,"href":"https:\/\/tilefly.com\/de\/wp-json\/wp\/v2\/comments?post=552714"}],"wp:featuredmedia":[{"embeddable":true,"href":"https:\/\/tilefly.com\/de\/wp-json\/wp\/v2\/media\/552510"}],"wp:attachment":[{"href":"https:\/\/tilefly.com\/de\/wp-json\/wp\/v2\/media?parent=552714"}],"wp:term":[{"taxonomy":"product_brand","embeddable":true,"href":"https:\/\/tilefly.com\/de\/wp-json\/wp\/v2\/product_brand?post=552714"},{"taxonomy":"product_cat","embeddable":true,"href":"https:\/\/tilefly.com\/de\/wp-json\/wp\/v2\/product_cat?post=552714"},{"taxonomy":"product_tag","embeddable":true,"href":"https:\/\/tilefly.com\/de\/wp-json\/wp\/v2\/product_tag?post=552714"}],"curies":[{"name":"wp","href":"https:\/\/api.w.org\/{rel}","templated":true}]}}