{"id":552686,"date":"2025-02-14T18:44:38","date_gmt":"2025-02-14T17:44:38","guid":{"rendered":"https:\/\/tilefly.com\/producto\/brolio-ecru-rect-60x60\/"},"modified":"2025-02-15T02:00:34","modified_gmt":"2025-02-15T01:00:34","slug":"brolio-ecru-rect-60x60","status":"publish","type":"product","link":"https:\/\/tilefly.com\/de\/produkt\/brolio-ecru-rect-60x60\/","title":{"rendered":"BROLIO ECRU RECT 60X60"},"content":{"rendered":"<h2><strong>BROLIO ECRU RECT 60X60<\/strong><\/h2><p>Die Fliese BROLIO ECRU RECT 60X60 aus der Serie <a href=\"https:\/\/tilefly.com\/producto\/antico-casale\/\">Antico Casale<\/a> verbindet die W\u00e4rme der toskanischen Inspiration mit einer modernen Farbpalette. Ihr weicher, neutraler Grauton bringt Licht und Gro\u00dfz\u00fcgigkeit in jeden Raum und bietet gleichzeitig eine gro\u00dfe dekorative Vielseitigkeit. Das quadratische Format von 60&#215;60 cm mit rektifizierten Kanten, die die Fugen minimieren, schafft eine einheitliche und elegante Oberfl\u00e4che. Diese Fliese aus hochwertigem Feinsteinzeug ist au\u00dfergew\u00f6hnlich langlebig und widerstandsf\u00e4hig und eignet sich perfekt f\u00fcr B\u00f6den und W\u00e4nde in allen Wohnbereichen, auch in stark frequentierten Bereichen. Die matte Oberfl\u00e4che sorgt f\u00fcr eine subtile Textur und einen raffinierten Look, ideal f\u00fcr die Gestaltung gem\u00fctlicher und eleganter Umgebungen.    <\/p>","protected":false},"excerpt":{"rendered":"<p>BROLIO ECRU RECT 60X60Die Fliese BROLIO ECRU RECT 60X60 aus der Serie Antico Casale verbindet die W\u00e4rme der toskanischen Inspiration mit einer modernen Farbpalette. Ihr weicher, neutraler Grauton bringt Licht und Gro\u00dfz\u00fcgigkeit in jeden Raum und bietet gleichzeitig eine gro\u00dfe dekorative Vielseitigkeit. Das quadratische Format von 60&#215;60 cm mit rektifizierten Kanten, die die Fugen minimieren, [&hellip;]<\/p>\n","protected":false},"featured_media":552406,"comment_status":"open","ping_status":"closed","template":"","meta":[],"product_brand":[],"product_cat":[457,458,456,459],"product_tag":[],"class_list":{"0":"post-552686","1":"product","2":"type-product","3":"status-publish","4":"has-post-thumbnail","6":"product_cat-badezimmer","7":"product_cat-kuchen","8":"product_cat-vohnzimmer","9":"product_cat-wandfliesen","11":"first","12":"instock","13":"shipping-taxable","14":"purchasable","15":"product-type-simple"},"_links":{"self":[{"href":"https:\/\/tilefly.com\/de\/wp-json\/wp\/v2\/product\/552686","targetHints":{"allow":["GET"]}}],"collection":[{"href":"https:\/\/tilefly.com\/de\/wp-json\/wp\/v2\/product"}],"about":[{"href":"https:\/\/tilefly.com\/de\/wp-json\/wp\/v2\/types\/product"}],"replies":[{"embeddable":true,"href":"https:\/\/tilefly.com\/de\/wp-json\/wp\/v2\/comments?post=552686"}],"wp:featuredmedia":[{"embeddable":true,"href":"https:\/\/tilefly.com\/de\/wp-json\/wp\/v2\/media\/552406"}],"wp:attachment":[{"href":"https:\/\/tilefly.com\/de\/wp-json\/wp\/v2\/media?parent=552686"}],"wp:term":[{"taxonomy":"product_brand","embeddable":true,"href":"https:\/\/tilefly.com\/de\/wp-json\/wp\/v2\/product_brand?post=552686"},{"taxonomy":"product_cat","embeddable":true,"href":"https:\/\/tilefly.com\/de\/wp-json\/wp\/v2\/product_cat?post=552686"},{"taxonomy":"product_tag","embeddable":true,"href":"https:\/\/tilefly.com\/de\/wp-json\/wp\/v2\/product_tag?post=552686"}],"curies":[{"name":"wp","href":"https:\/\/api.w.org\/{rel}","templated":true}]}}