{"id":552683,"date":"2025-02-14T18:50:25","date_gmt":"2025-02-14T17:50:25","guid":{"rendered":"https:\/\/tilefly.com\/producto\/casale-grafite-rect-90x90\/"},"modified":"2025-02-15T02:00:19","modified_gmt":"2025-02-15T01:00:19","slug":"casale-grafite-rect-90x90","status":"publish","type":"product","link":"https:\/\/tilefly.com\/de\/produkt\/casale-grafite-rect-90x90\/","title":{"rendered":"CASALE GRAFITE RECT 90X90"},"content":{"rendered":"<h2><strong>CASALE GRAFITE RECT 90X90<\/strong><\/h2><p>Die Fliese CASALE GRAFITE RECT 90X90 verleiht mit ihrer intensiven graphitgrauen Farbe einen Hauch von k\u00fchner, moderner Raffinesse. Ihr gro\u00dfes Format von 90&#215;90 cm, das f\u00fcr eine perfekte Ausrichtung rektifiziert wurde, schafft in jedem Raum ein Gef\u00fchl von Gro\u00dfz\u00fcgigkeit und Kontinuit\u00e4t. Diese matte Fliese aus hochwertigem Feinsteinzeug ist extrem widerstandsf\u00e4hig und langlebig und eignet sich perfekt f\u00fcr stark beanspruchte B\u00f6den. Ihr zeitgen\u00f6ssisches Design ist von der italienischen Handwerkstradition inspiriert, die mit einem Hauch von Modernit\u00e4t neu interpretiert wurde, wie in der gesamten Serie <a href=\"https:\/\/tilefly.com\/producto\/antico-casale\/\">Antico Casale<\/a> zu sehen.   <\/p>","protected":false},"excerpt":{"rendered":"<p>CASALE GRAFITE RECT 90X90Die Fliese CASALE GRAFITE RECT 90X90 verleiht mit ihrer intensiven graphitgrauen Farbe einen Hauch von k\u00fchner, moderner Raffinesse. Ihr gro\u00dfes Format von 90&#215;90 cm, das f\u00fcr eine perfekte Ausrichtung rektifiziert wurde, schafft in jedem Raum ein Gef\u00fchl von Gro\u00dfz\u00fcgigkeit und Kontinuit\u00e4t. Diese matte Fliese aus hochwertigem Feinsteinzeug ist extrem widerstandsf\u00e4hig und langlebig [&hellip;]<\/p>\n","protected":false},"featured_media":552653,"comment_status":"open","ping_status":"closed","template":"","meta":[],"product_brand":[],"product_cat":[457,458,456,459],"product_tag":[],"class_list":{"0":"post-552683","1":"product","2":"type-product","3":"status-publish","4":"has-post-thumbnail","6":"product_cat-badezimmer","7":"product_cat-kuchen","8":"product_cat-vohnzimmer","9":"product_cat-wandfliesen","11":"first","12":"instock","13":"shipping-taxable","14":"purchasable","15":"product-type-simple"},"_links":{"self":[{"href":"https:\/\/tilefly.com\/de\/wp-json\/wp\/v2\/product\/552683","targetHints":{"allow":["GET"]}}],"collection":[{"href":"https:\/\/tilefly.com\/de\/wp-json\/wp\/v2\/product"}],"about":[{"href":"https:\/\/tilefly.com\/de\/wp-json\/wp\/v2\/types\/product"}],"replies":[{"embeddable":true,"href":"https:\/\/tilefly.com\/de\/wp-json\/wp\/v2\/comments?post=552683"}],"wp:featuredmedia":[{"embeddable":true,"href":"https:\/\/tilefly.com\/de\/wp-json\/wp\/v2\/media\/552653"}],"wp:attachment":[{"href":"https:\/\/tilefly.com\/de\/wp-json\/wp\/v2\/media?parent=552683"}],"wp:term":[{"taxonomy":"product_brand","embeddable":true,"href":"https:\/\/tilefly.com\/de\/wp-json\/wp\/v2\/product_brand?post=552683"},{"taxonomy":"product_cat","embeddable":true,"href":"https:\/\/tilefly.com\/de\/wp-json\/wp\/v2\/product_cat?post=552683"},{"taxonomy":"product_tag","embeddable":true,"href":"https:\/\/tilefly.com\/de\/wp-json\/wp\/v2\/product_tag?post=552683"}],"curies":[{"name":"wp","href":"https:\/\/api.w.org\/{rel}","templated":true}]}}