{"id":552674,"date":"2025-02-14T18:50:10","date_gmt":"2025-02-14T17:50:10","guid":{"rendered":"https:\/\/tilefly.com\/producto\/casale-cotto-rect-90x90\/"},"modified":"2025-02-15T02:00:06","modified_gmt":"2025-02-15T01:00:06","slug":"casale-cotto-rect-90x90","status":"publish","type":"product","link":"https:\/\/tilefly.com\/de\/produkt\/casale-cotto-rect-90x90\/","title":{"rendered":"CASALE COTTO RECT 90X90"},"content":{"rendered":"<h2><strong>CASALE COTTO RECT 90X90<\/strong><\/h2><p>Die Fliese CASALE COTTO RECT 90X90 erinnert an die W\u00e4rme und nat\u00fcrliche Sch\u00f6nheit von Terrakotta in einem modernen Format. Ihr satter, erdiger Braunton bringt ein Gef\u00fchl von Komfort und Authentizit\u00e4t in jeden Raum. Das gro\u00dfe Format von 90&#215;90 cm, mit geschliffenen Kanten f\u00fcr eine pr\u00e4zise Verlegung, schafft ein Gef\u00fchl von Gro\u00dfz\u00fcgigkeit und Luxus. Diese matte Fliese aus hochwertigem Feinsteinzeug ist extrem strapazierf\u00e4hig und langlebig und eignet sich ideal f\u00fcr B\u00f6den, die eine hohe Leistung erfordern. Inspiriert von der Serie <a href=\"https:\/\/tilefly.com\/producto\/antico-casale\/\">Antico Casale<\/a>, f\u00e4ngt dieses St\u00fcck die Essenz der italienischen Handwerkstradition ein.    <\/p>","protected":false},"excerpt":{"rendered":"<p>CASALE COTTO RECT 90X90Die Fliese CASALE COTTO RECT 90X90 erinnert an die W\u00e4rme und nat\u00fcrliche Sch\u00f6nheit von Terrakotta in einem modernen Format. Ihr satter, erdiger Braunton bringt ein Gef\u00fchl von Komfort und Authentizit\u00e4t in jeden Raum. Das gro\u00dfe Format von 90&#215;90 cm, mit geschliffenen Kanten f\u00fcr eine pr\u00e4zise Verlegung, schafft ein Gef\u00fchl von Gro\u00dfz\u00fcgigkeit und [&hellip;]<\/p>\n","protected":false},"featured_media":552627,"comment_status":"open","ping_status":"closed","template":"","meta":[],"product_brand":[],"product_cat":[457,458,456,459],"product_tag":[],"class_list":{"0":"post-552674","1":"product","2":"type-product","3":"status-publish","4":"has-post-thumbnail","6":"product_cat-badezimmer","7":"product_cat-kuchen","8":"product_cat-vohnzimmer","9":"product_cat-wandfliesen","11":"first","12":"instock","13":"shipping-taxable","14":"purchasable","15":"product-type-simple"},"_links":{"self":[{"href":"https:\/\/tilefly.com\/de\/wp-json\/wp\/v2\/product\/552674","targetHints":{"allow":["GET"]}}],"collection":[{"href":"https:\/\/tilefly.com\/de\/wp-json\/wp\/v2\/product"}],"about":[{"href":"https:\/\/tilefly.com\/de\/wp-json\/wp\/v2\/types\/product"}],"replies":[{"embeddable":true,"href":"https:\/\/tilefly.com\/de\/wp-json\/wp\/v2\/comments?post=552674"}],"wp:featuredmedia":[{"embeddable":true,"href":"https:\/\/tilefly.com\/de\/wp-json\/wp\/v2\/media\/552627"}],"wp:attachment":[{"href":"https:\/\/tilefly.com\/de\/wp-json\/wp\/v2\/media?parent=552674"}],"wp:term":[{"taxonomy":"product_brand","embeddable":true,"href":"https:\/\/tilefly.com\/de\/wp-json\/wp\/v2\/product_brand?post=552674"},{"taxonomy":"product_cat","embeddable":true,"href":"https:\/\/tilefly.com\/de\/wp-json\/wp\/v2\/product_cat?post=552674"},{"taxonomy":"product_tag","embeddable":true,"href":"https:\/\/tilefly.com\/de\/wp-json\/wp\/v2\/product_tag?post=552674"}],"curies":[{"name":"wp","href":"https:\/\/api.w.org\/{rel}","templated":true}]}}