{"id":550710,"date":"2025-01-22T21:25:37","date_gmt":"2025-01-22T20:25:37","guid":{"rendered":"https:\/\/tilefly.com\/producto\/arabescato-green-matt-rect-60x120\/"},"modified":"2026-03-14T04:16:20","modified_gmt":"2026-03-14T03:16:20","slug":"arabescato-green-matt-rect-60x120","status":"publish","type":"product","link":"https:\/\/tilefly.com\/de\/produkt\/arabescato-green-matt-rect-60x120\/","title":{"rendered":"ARABESCATO GREEN MATT RECT 60X120"},"content":{"rendered":"<h2><strong>ARABESCATO GREEN MATT RECT 60X120<\/strong><\/h2><p>El <strong>Arabescato Green Matt Rect 60&#215;120<\/strong> destaca por su elegante tonalidad verde y su acabado mate, que aportan un toque de serenidad y estilo a tus espacios. Inspirado en el m\u00e1rmol, este pavimento porcel\u00e1nico es perfecto para proyectos \u00fanicos.<\/p><p>Perteneciente a la colecci\u00f3n <a href='https:\/\/tilefly.com\/producto\/arabescato\/'>Arabescato<\/a>, su dise\u00f1o de vetas naturales y su formato 60&#215;120 ofrecen versatilidad y distinci\u00f3n.<\/p><p>Con Arabescato Green Matt Rect 60&#215;120, a\u00f1ade personalidad y sofisticaci\u00f3n a cualquier ambiente.<\/p>","protected":false},"excerpt":{"rendered":"<p>ARABESCATO GREEN MATT RECT 60X120El Arabescato Green Matt Rect 60&#215;120 destaca por su elegante tonalidad verde y su acabado mate, que aportan un toque de serenidad y estilo a tus espacios. Inspirado en el m\u00e1rmol, este pavimento porcel\u00e1nico es perfecto para proyectos \u00fanicos.Perteneciente a la colecci\u00f3n Arabescato, su dise\u00f1o de vetas naturales y su formato [&hellip;]<\/p>\n","protected":false},"featured_media":550698,"comment_status":"open","ping_status":"closed","template":"","meta":[],"product_brand":[],"product_cat":[303,305,306,304],"product_tag":[],"class_list":{"0":"post-550710","1":"product","2":"type-product","3":"status-publish","4":"has-post-thumbnail","6":"product_cat-baldosas","7":"product_cat-banos","8":"product_cat-cocina","9":"product_cat-revestimiento","11":"first","12":"instock","13":"shipping-taxable","14":"purchasable","15":"product-type-simple"},"_links":{"self":[{"href":"https:\/\/tilefly.com\/de\/wp-json\/wp\/v2\/product\/550710","targetHints":{"allow":["GET"]}}],"collection":[{"href":"https:\/\/tilefly.com\/de\/wp-json\/wp\/v2\/product"}],"about":[{"href":"https:\/\/tilefly.com\/de\/wp-json\/wp\/v2\/types\/product"}],"replies":[{"embeddable":true,"href":"https:\/\/tilefly.com\/de\/wp-json\/wp\/v2\/comments?post=550710"}],"wp:featuredmedia":[{"embeddable":true,"href":"https:\/\/tilefly.com\/de\/wp-json\/wp\/v2\/media\/550698"}],"wp:attachment":[{"href":"https:\/\/tilefly.com\/de\/wp-json\/wp\/v2\/media?parent=550710"}],"wp:term":[{"taxonomy":"product_brand","embeddable":true,"href":"https:\/\/tilefly.com\/de\/wp-json\/wp\/v2\/product_brand?post=550710"},{"taxonomy":"product_cat","embeddable":true,"href":"https:\/\/tilefly.com\/de\/wp-json\/wp\/v2\/product_cat?post=550710"},{"taxonomy":"product_tag","embeddable":true,"href":"https:\/\/tilefly.com\/de\/wp-json\/wp\/v2\/product_tag?post=550710"}],"curies":[{"name":"wp","href":"https:\/\/api.w.org\/{rel}","templated":true}]}}