{"id":550671,"date":"2025-01-22T21:25:22","date_gmt":"2025-01-22T20:25:22","guid":{"rendered":"https:\/\/tilefly.com\/producto\/arabescato-corchia-matt-rect-120x120\/"},"modified":"2025-10-29T09:36:54","modified_gmt":"2025-10-29T08:36:54","slug":"arabescato-corchia-matt-rect-120x120","status":"publish","type":"product","link":"https:\/\/tilefly.com\/de\/produkt\/arabescato-corchia-matt-rect-120x120\/","title":{"rendered":"ARABESCATO CORCHIA MATT RECT 120X120"},"content":{"rendered":"<h2><strong>ARABESCATO CORCHIA MATT RECT 120X120<\/strong><\/h2><p>El <strong>Arabescato Corchia Matt Rect 120&#215;120<\/strong> combina la naturalidad del acabado mate con el lujo de las vetas crema y grises del m\u00e1rmol Calacatta Corchia. Su gran formato lo convierte en una opci\u00f3n ideal para superficies continuas y elegantes.<\/p><p>Parte de la colecci\u00f3n <a href='https:\/\/tilefly.com\/producto\/arabescato\/'>Arabescato<\/a>, este pavimento porcel\u00e1nico destaca por su resistencia y su capacidad de transformar cualquier espacio en un ambiente sofisticado y sereno.<\/p><p>Elige Arabescato Corchia Matt Rect 120&#215;120 para proyectos que exudan distinci\u00f3n.<\/p>","protected":false},"excerpt":{"rendered":"<p>ARABESCATO CORCHIA MATT RECT 120X120El Arabescato Corchia Matt Rect 120&#215;120 combina la naturalidad del acabado mate con el lujo de las vetas crema y grises del m\u00e1rmol Calacatta Corchia. Su gran formato lo convierte en una opci\u00f3n ideal para superficies continuas y elegantes.Parte de la colecci\u00f3n Arabescato, este pavimento porcel\u00e1nico destaca por su resistencia y [&hellip;]<\/p>\n","protected":false},"featured_media":550659,"comment_status":"open","ping_status":"closed","template":"","meta":[],"product_brand":[],"product_cat":[353,354,355,356],"product_tag":[],"class_list":{"0":"post-550671","1":"product","2":"type-product","3":"status-publish","4":"has-post-thumbnail","6":"product_cat-carrelage","7":"product_cat-carrelage-salle-de-bain","8":"product_cat-cuisines","9":"product_cat-faiences","11":"first","12":"instock","13":"shipping-taxable","14":"purchasable","15":"product-type-simple"},"_links":{"self":[{"href":"https:\/\/tilefly.com\/de\/wp-json\/wp\/v2\/product\/550671","targetHints":{"allow":["GET"]}}],"collection":[{"href":"https:\/\/tilefly.com\/de\/wp-json\/wp\/v2\/product"}],"about":[{"href":"https:\/\/tilefly.com\/de\/wp-json\/wp\/v2\/types\/product"}],"replies":[{"embeddable":true,"href":"https:\/\/tilefly.com\/de\/wp-json\/wp\/v2\/comments?post=550671"}],"wp:featuredmedia":[{"embeddable":true,"href":"https:\/\/tilefly.com\/de\/wp-json\/wp\/v2\/media\/550659"}],"wp:attachment":[{"href":"https:\/\/tilefly.com\/de\/wp-json\/wp\/v2\/media?parent=550671"}],"wp:term":[{"taxonomy":"product_brand","embeddable":true,"href":"https:\/\/tilefly.com\/de\/wp-json\/wp\/v2\/product_brand?post=550671"},{"taxonomy":"product_cat","embeddable":true,"href":"https:\/\/tilefly.com\/de\/wp-json\/wp\/v2\/product_cat?post=550671"},{"taxonomy":"product_tag","embeddable":true,"href":"https:\/\/tilefly.com\/de\/wp-json\/wp\/v2\/product_tag?post=550671"}],"curies":[{"name":"wp","href":"https:\/\/api.w.org\/{rel}","templated":true}]}}