{"id":550619,"date":"2025-01-22T21:24:52","date_gmt":"2025-01-22T20:24:52","guid":{"rendered":"https:\/\/tilefly.com\/producto\/alexandria-cream-matt-rect-120x120\/"},"modified":"2025-10-29T09:36:51","modified_gmt":"2025-10-29T08:36:51","slug":"alexandria-cream-matt-rect-120x120","status":"publish","type":"product","link":"https:\/\/tilefly.com\/de\/produkt\/alexandria-cream-matt-rect-120x120\/","title":{"rendered":"ALEXANDRIA CREAM MATT RECT 120X120"},"content":{"rendered":"<h2><strong>ALEXANDRIA CREAM MATT RECT 120X120<\/strong><\/h2><p>El <strong>Alexandria Cream Matt Rect 120&#215;120<\/strong> combina la belleza natural del m\u00e1rmol con un acabado mate que aporta serenidad y elegancia. Su gran formato es perfecto para proyectos modernos y minimalistas.<\/p><p>Parte de la colecci\u00f3n <a href='https:\/\/tilefly.com\/producto\/alexandria\/'>Alexandria<\/a>, esta pieza porcel\u00e1nica ofrece una superficie resistente y de f\u00e1cil mantenimiento, ideal para espacios de alto tr\u00e1nsito.<\/p><p>Opta por Alexandria Cream Matt Rect 120&#215;120 para transformar cualquier ambiente en un espacio c\u00e1lido y sofisticado.<\/p>","protected":false},"excerpt":{"rendered":"<p>ALEXANDRIA CREAM MATT RECT 120X120El Alexandria Cream Matt Rect 120&#215;120 combina la belleza natural del m\u00e1rmol con un acabado mate que aporta serenidad y elegancia. Su gran formato es perfecto para proyectos modernos y minimalistas.Parte de la colecci\u00f3n Alexandria, esta pieza porcel\u00e1nica ofrece una superficie resistente y de f\u00e1cil mantenimiento, ideal para espacios de alto [&hellip;]<\/p>\n","protected":false},"featured_media":550607,"comment_status":"open","ping_status":"closed","template":"","meta":[],"product_brand":[],"product_cat":[303,305,306,304],"product_tag":[],"class_list":{"0":"post-550619","1":"product","2":"type-product","3":"status-publish","4":"has-post-thumbnail","6":"product_cat-baldosas","7":"product_cat-banos","8":"product_cat-cocina","9":"product_cat-revestimiento","11":"first","12":"instock","13":"shipping-taxable","14":"purchasable","15":"product-type-simple"},"_links":{"self":[{"href":"https:\/\/tilefly.com\/de\/wp-json\/wp\/v2\/product\/550619","targetHints":{"allow":["GET"]}}],"collection":[{"href":"https:\/\/tilefly.com\/de\/wp-json\/wp\/v2\/product"}],"about":[{"href":"https:\/\/tilefly.com\/de\/wp-json\/wp\/v2\/types\/product"}],"replies":[{"embeddable":true,"href":"https:\/\/tilefly.com\/de\/wp-json\/wp\/v2\/comments?post=550619"}],"wp:featuredmedia":[{"embeddable":true,"href":"https:\/\/tilefly.com\/de\/wp-json\/wp\/v2\/media\/550607"}],"wp:attachment":[{"href":"https:\/\/tilefly.com\/de\/wp-json\/wp\/v2\/media?parent=550619"}],"wp:term":[{"taxonomy":"product_brand","embeddable":true,"href":"https:\/\/tilefly.com\/de\/wp-json\/wp\/v2\/product_brand?post=550619"},{"taxonomy":"product_cat","embeddable":true,"href":"https:\/\/tilefly.com\/de\/wp-json\/wp\/v2\/product_cat?post=550619"},{"taxonomy":"product_tag","embeddable":true,"href":"https:\/\/tilefly.com\/de\/wp-json\/wp\/v2\/product_tag?post=550619"}],"curies":[{"name":"wp","href":"https:\/\/api.w.org\/{rel}","templated":true}]}}