{"id":550355,"date":"2024-12-24T14:54:08","date_gmt":"2024-12-24T13:54:08","guid":{"rendered":"https:\/\/tilefly.com\/producto\/shape-avorio-rect-40x120\/"},"modified":"2024-12-24T15:13:28","modified_gmt":"2024-12-24T14:13:28","slug":"shape-avorio-rect-40x120","status":"publish","type":"product","link":"https:\/\/tilefly.com\/de\/produkt\/shape-avorio-rect-40x120\/","title":{"rendered":"SHAPE AVORIO RECT 40X120"},"content":{"rendered":"<h2><strong>FORM AVORIO RECT 40X120<\/strong><\/h2><p>SHAPE AVORIO RECT 40X120 in Elfenbein ist ein Wandbelag, der den W\u00e4nden Textur und Leuchtkraft verleiht. Mit seiner matten Oberfl\u00e4che und dem Design in Zementimitation ist er perfekt f\u00fcr elegante Projekte. Erfahren Sie <a href=\"https:\/\/tilefly.com\/producto\/ama\/\">hier<\/a> mehr \u00fcber die Serie <a href=\"https:\/\/tilefly.com\/producto\/ama\/\">AMA<\/a>.  <\/p>","protected":false},"excerpt":{"rendered":"<p>FORM AVORIO RECT 40X120SHAPE AVORIO RECT 40X120 in Elfenbein ist ein Wandbelag, der den W\u00e4nden Textur und Leuchtkraft verleiht. Mit seiner matten Oberfl\u00e4che und dem Design in Zementimitation ist er perfekt f\u00fcr elegante Projekte. Erfahren Sie hier mehr \u00fcber die Serie AMA.<\/p>\n","protected":false},"featured_media":550158,"comment_status":"open","ping_status":"closed","template":"","meta":[],"product_brand":[],"product_cat":[457,458,459],"product_tag":[],"class_list":{"0":"post-550355","1":"product","2":"type-product","3":"status-publish","4":"has-post-thumbnail","6":"product_cat-badezimmer","7":"product_cat-kuchen","8":"product_cat-wandfliesen","10":"first","11":"instock","12":"shipping-taxable","13":"purchasable","14":"product-type-simple"},"_links":{"self":[{"href":"https:\/\/tilefly.com\/de\/wp-json\/wp\/v2\/product\/550355","targetHints":{"allow":["GET"]}}],"collection":[{"href":"https:\/\/tilefly.com\/de\/wp-json\/wp\/v2\/product"}],"about":[{"href":"https:\/\/tilefly.com\/de\/wp-json\/wp\/v2\/types\/product"}],"replies":[{"embeddable":true,"href":"https:\/\/tilefly.com\/de\/wp-json\/wp\/v2\/comments?post=550355"}],"wp:featuredmedia":[{"embeddable":true,"href":"https:\/\/tilefly.com\/de\/wp-json\/wp\/v2\/media\/550158"}],"wp:attachment":[{"href":"https:\/\/tilefly.com\/de\/wp-json\/wp\/v2\/media?parent=550355"}],"wp:term":[{"taxonomy":"product_brand","embeddable":true,"href":"https:\/\/tilefly.com\/de\/wp-json\/wp\/v2\/product_brand?post=550355"},{"taxonomy":"product_cat","embeddable":true,"href":"https:\/\/tilefly.com\/de\/wp-json\/wp\/v2\/product_cat?post=550355"},{"taxonomy":"product_tag","embeddable":true,"href":"https:\/\/tilefly.com\/de\/wp-json\/wp\/v2\/product_tag?post=550355"}],"curies":[{"name":"wp","href":"https:\/\/api.w.org\/{rel}","templated":true}]}}