{"id":550331,"date":"2024-12-24T14:53:01","date_gmt":"2024-12-24T13:53:01","guid":{"rendered":"https:\/\/tilefly.com\/producto\/fiori-cenere-rect-90x90\/"},"modified":"2024-12-24T15:13:08","modified_gmt":"2024-12-24T14:13:08","slug":"fiori-cenere-rect-90x90","status":"publish","type":"product","link":"https:\/\/tilefly.com\/de\/produkt\/fiori-cenere-rect-90x90\/","title":{"rendered":"FIORI CENERE RECT 90X90"},"content":{"rendered":"<h2><strong>FIORI CENERE RECT 90X90<\/strong><\/h2><p>FIORI CENERE RECT 90X90 kombiniert einen Hintergrund aus Esche mit subtilen Blumendekorationen und bringt Eleganz in jeden Raum. Seine matte Oberfl\u00e4che und sein rutschfestes Design sorgen f\u00fcr Sicherheit und Stil. Mehr \u00fcber die Serie <a href=\"https:\/\/tilefly.com\/producto\/ama\/\">AMA erfahren Sie hier<\/a>.  <\/p>","protected":false},"excerpt":{"rendered":"<p>FIORI CENERE RECT 90X90FIORI CENERE RECT 90X90 kombiniert einen Hintergrund aus Esche mit subtilen Blumendekorationen und bringt Eleganz in jeden Raum. Seine matte Oberfl\u00e4che und sein rutschfestes Design sorgen f\u00fcr Sicherheit und Stil. Mehr \u00fcber die Serie AMA erfahren Sie hier.<\/p>\n","protected":false},"featured_media":550028,"comment_status":"open","ping_status":"closed","template":"","meta":[],"product_brand":[],"product_cat":[457,458,456,459],"product_tag":[],"class_list":{"0":"post-550331","1":"product","2":"type-product","3":"status-publish","4":"has-post-thumbnail","6":"product_cat-badezimmer","7":"product_cat-kuchen","8":"product_cat-vohnzimmer","9":"product_cat-wandfliesen","11":"first","12":"instock","13":"shipping-taxable","14":"purchasable","15":"product-type-simple"},"_links":{"self":[{"href":"https:\/\/tilefly.com\/de\/wp-json\/wp\/v2\/product\/550331","targetHints":{"allow":["GET"]}}],"collection":[{"href":"https:\/\/tilefly.com\/de\/wp-json\/wp\/v2\/product"}],"about":[{"href":"https:\/\/tilefly.com\/de\/wp-json\/wp\/v2\/types\/product"}],"replies":[{"embeddable":true,"href":"https:\/\/tilefly.com\/de\/wp-json\/wp\/v2\/comments?post=550331"}],"wp:featuredmedia":[{"embeddable":true,"href":"https:\/\/tilefly.com\/de\/wp-json\/wp\/v2\/media\/550028"}],"wp:attachment":[{"href":"https:\/\/tilefly.com\/de\/wp-json\/wp\/v2\/media?parent=550331"}],"wp:term":[{"taxonomy":"product_brand","embeddable":true,"href":"https:\/\/tilefly.com\/de\/wp-json\/wp\/v2\/product_brand?post=550331"},{"taxonomy":"product_cat","embeddable":true,"href":"https:\/\/tilefly.com\/de\/wp-json\/wp\/v2\/product_cat?post=550331"},{"taxonomy":"product_tag","embeddable":true,"href":"https:\/\/tilefly.com\/de\/wp-json\/wp\/v2\/product_tag?post=550331"}],"curies":[{"name":"wp","href":"https:\/\/api.w.org\/{rel}","templated":true}]}}