{"id":550320,"date":"2024-12-24T14:52:01","date_gmt":"2024-12-24T13:52:01","guid":{"rendered":"https:\/\/tilefly.com\/producto\/fiori-tortora-rect-60x60\/"},"modified":"2024-12-24T15:12:56","modified_gmt":"2024-12-24T14:12:56","slug":"fiori-tortora-rect-60x60","status":"publish","type":"product","link":"https:\/\/tilefly.com\/de\/produkt\/fiori-tortora-rect-60x60\/","title":{"rendered":"FIORI TORTORA RECT 60X60"},"content":{"rendered":"<h2><strong>FIORI TORTORA RECT 60X60<\/strong><\/h2><p>FIORI TORTORA RECT 60X60 zeigt ein florales Design auf einem warmen braunen Hintergrund. Mit seiner matten Oberfl\u00e4che und den rutschfesten Eigenschaften ist er ideal f\u00fcr elegante und sichere R\u00e4ume. Erfahren Sie <a href=\"https:\/\/tilefly.com\/producto\/ama\/\">hier<\/a> mehr \u00fcber die Serie <a href=\"https:\/\/tilefly.com\/producto\/ama\/\">AMA<\/a>.  <\/p>","protected":false},"excerpt":{"rendered":"<p>FIORI TORTORA RECT 60X60FIORI TORTORA RECT 60X60 zeigt ein florales Design auf einem warmen braunen Hintergrund. Mit seiner matten Oberfl\u00e4che und den rutschfesten Eigenschaften ist er ideal f\u00fcr elegante und sichere R\u00e4ume. Erfahren Sie hier mehr \u00fcber die Serie AMA.<\/p>\n","protected":false},"featured_media":549937,"comment_status":"open","ping_status":"closed","template":"","meta":[],"product_brand":[],"product_cat":[457,458,456,459],"product_tag":[],"class_list":{"0":"post-550320","1":"product","2":"type-product","3":"status-publish","4":"has-post-thumbnail","6":"product_cat-badezimmer","7":"product_cat-kuchen","8":"product_cat-vohnzimmer","9":"product_cat-wandfliesen","11":"first","12":"instock","13":"shipping-taxable","14":"purchasable","15":"product-type-simple"},"_links":{"self":[{"href":"https:\/\/tilefly.com\/de\/wp-json\/wp\/v2\/product\/550320","targetHints":{"allow":["GET"]}}],"collection":[{"href":"https:\/\/tilefly.com\/de\/wp-json\/wp\/v2\/product"}],"about":[{"href":"https:\/\/tilefly.com\/de\/wp-json\/wp\/v2\/types\/product"}],"replies":[{"embeddable":true,"href":"https:\/\/tilefly.com\/de\/wp-json\/wp\/v2\/comments?post=550320"}],"wp:featuredmedia":[{"embeddable":true,"href":"https:\/\/tilefly.com\/de\/wp-json\/wp\/v2\/media\/549937"}],"wp:attachment":[{"href":"https:\/\/tilefly.com\/de\/wp-json\/wp\/v2\/media?parent=550320"}],"wp:term":[{"taxonomy":"product_brand","embeddable":true,"href":"https:\/\/tilefly.com\/de\/wp-json\/wp\/v2\/product_brand?post=550320"},{"taxonomy":"product_cat","embeddable":true,"href":"https:\/\/tilefly.com\/de\/wp-json\/wp\/v2\/product_cat?post=550320"},{"taxonomy":"product_tag","embeddable":true,"href":"https:\/\/tilefly.com\/de\/wp-json\/wp\/v2\/product_tag?post=550320"}],"curies":[{"name":"wp","href":"https:\/\/api.w.org\/{rel}","templated":true}]}}