{"id":550304,"date":"2024-12-24T14:50:51","date_gmt":"2024-12-24T13:50:51","guid":{"rendered":"https:\/\/tilefly.com\/producto\/ricetta-tortora-rect-60x120\/"},"modified":"2024-12-24T15:12:36","modified_gmt":"2024-12-24T14:12:36","slug":"ricetta-tortora-rect-60x120","status":"publish","type":"product","link":"https:\/\/tilefly.com\/de\/produkt\/ricetta-tortora-rect-60x120\/","title":{"rendered":"RICETTA TORTORA RECT 60X120"},"content":{"rendered":"<h2><strong>RICETTA TORTORA RECT 60X120<\/strong><\/h2><p>RICETTA TORTORA RECT 60X120 kombiniert einen warmen braunen Hintergrund mit geometrischen Mustern, die f\u00fcr Dynamik und Kreativit\u00e4t sorgen. Er ist ideal f\u00fcr moderne Fu\u00dfb\u00f6den, hat eine matte Oberfl\u00e4che und ist rutschfest. Erfahren Sie <a href=\"https:\/\/tilefly.com\/producto\/ama\/\">hier<\/a> mehr \u00fcber die Serie <a href=\"https:\/\/tilefly.com\/producto\/ama\/\">AMA.<\/a>  <\/p>","protected":false},"excerpt":{"rendered":"<p>RICETTA TORTORA RECT 60X120RICETTA TORTORA RECT 60X120 kombiniert einen warmen braunen Hintergrund mit geometrischen Mustern, die f\u00fcr Dynamik und Kreativit\u00e4t sorgen. Er ist ideal f\u00fcr moderne Fu\u00dfb\u00f6den, hat eine matte Oberfl\u00e4che und ist rutschfest. Erfahren Sie hier mehr \u00fcber die Serie AMA.<\/p>\n","protected":false},"featured_media":549859,"comment_status":"open","ping_status":"closed","template":"","meta":[],"product_brand":[],"product_cat":[457,458,456,459],"product_tag":[],"class_list":{"0":"post-550304","1":"product","2":"type-product","3":"status-publish","4":"has-post-thumbnail","6":"product_cat-badezimmer","7":"product_cat-kuchen","8":"product_cat-vohnzimmer","9":"product_cat-wandfliesen","11":"first","12":"instock","13":"shipping-taxable","14":"purchasable","15":"product-type-simple"},"_links":{"self":[{"href":"https:\/\/tilefly.com\/de\/wp-json\/wp\/v2\/product\/550304","targetHints":{"allow":["GET"]}}],"collection":[{"href":"https:\/\/tilefly.com\/de\/wp-json\/wp\/v2\/product"}],"about":[{"href":"https:\/\/tilefly.com\/de\/wp-json\/wp\/v2\/types\/product"}],"replies":[{"embeddable":true,"href":"https:\/\/tilefly.com\/de\/wp-json\/wp\/v2\/comments?post=550304"}],"wp:featuredmedia":[{"embeddable":true,"href":"https:\/\/tilefly.com\/de\/wp-json\/wp\/v2\/media\/549859"}],"wp:attachment":[{"href":"https:\/\/tilefly.com\/de\/wp-json\/wp\/v2\/media?parent=550304"}],"wp:term":[{"taxonomy":"product_brand","embeddable":true,"href":"https:\/\/tilefly.com\/de\/wp-json\/wp\/v2\/product_brand?post=550304"},{"taxonomy":"product_cat","embeddable":true,"href":"https:\/\/tilefly.com\/de\/wp-json\/wp\/v2\/product_cat?post=550304"},{"taxonomy":"product_tag","embeddable":true,"href":"https:\/\/tilefly.com\/de\/wp-json\/wp\/v2\/product_tag?post=550304"}],"curies":[{"name":"wp","href":"https:\/\/api.w.org\/{rel}","templated":true}]}}