{"id":550299,"date":"2024-12-24T14:50:58","date_gmt":"2024-12-24T13:50:58","guid":{"rendered":"https:\/\/tilefly.com\/producto\/ricetta-cenere-rect-60x120\/"},"modified":"2024-12-24T15:12:32","modified_gmt":"2024-12-24T14:12:32","slug":"ricetta-cenere-rect-60x120","status":"publish","type":"product","link":"https:\/\/tilefly.com\/de\/produkt\/ricetta-cenere-rect-60x120\/","title":{"rendered":"RICETTA CENERE RECT 60X120"},"content":{"rendered":"<h2><strong>RICETTA CENERE RECT 60X120<\/strong><\/h2><p>RICETTA CENERE RECT 60X120 ist mit seinem Hintergrund aus Esche und den geometrischen Verzierungen ein einzigartiges St\u00fcck f\u00fcr moderne Umgebungen. Seine matte Oberfl\u00e4che und sein rutschfestes Design garantieren Funktionalit\u00e4t und Stil. Mehr \u00fcber die Serie <a href=\"https:\/\/tilefly.com\/producto\/ama\/\">AMA erfahren Sie hier<\/a>.  <\/p>","protected":false},"excerpt":{"rendered":"<p>RICETTA CENERE RECT 60X120RICETTA CENERE RECT 60X120 ist mit seinem Hintergrund aus Esche und den geometrischen Verzierungen ein einzigartiges St\u00fcck f\u00fcr moderne Umgebungen. Seine matte Oberfl\u00e4che und sein rutschfestes Design garantieren Funktionalit\u00e4t und Stil. Mehr \u00fcber die Serie AMA erfahren Sie hier.<\/p>\n","protected":false},"featured_media":549872,"comment_status":"open","ping_status":"closed","template":"","meta":[],"product_brand":[],"product_cat":[457,458,456,459],"product_tag":[],"class_list":{"0":"post-550299","1":"product","2":"type-product","3":"status-publish","4":"has-post-thumbnail","6":"product_cat-badezimmer","7":"product_cat-kuchen","8":"product_cat-vohnzimmer","9":"product_cat-wandfliesen","11":"first","12":"instock","13":"shipping-taxable","14":"purchasable","15":"product-type-simple"},"_links":{"self":[{"href":"https:\/\/tilefly.com\/de\/wp-json\/wp\/v2\/product\/550299","targetHints":{"allow":["GET"]}}],"collection":[{"href":"https:\/\/tilefly.com\/de\/wp-json\/wp\/v2\/product"}],"about":[{"href":"https:\/\/tilefly.com\/de\/wp-json\/wp\/v2\/types\/product"}],"replies":[{"embeddable":true,"href":"https:\/\/tilefly.com\/de\/wp-json\/wp\/v2\/comments?post=550299"}],"wp:featuredmedia":[{"embeddable":true,"href":"https:\/\/tilefly.com\/de\/wp-json\/wp\/v2\/media\/549872"}],"wp:attachment":[{"href":"https:\/\/tilefly.com\/de\/wp-json\/wp\/v2\/media?parent=550299"}],"wp:term":[{"taxonomy":"product_brand","embeddable":true,"href":"https:\/\/tilefly.com\/de\/wp-json\/wp\/v2\/product_brand?post=550299"},{"taxonomy":"product_cat","embeddable":true,"href":"https:\/\/tilefly.com\/de\/wp-json\/wp\/v2\/product_cat?post=550299"},{"taxonomy":"product_tag","embeddable":true,"href":"https:\/\/tilefly.com\/de\/wp-json\/wp\/v2\/product_tag?post=550299"}],"curies":[{"name":"wp","href":"https:\/\/api.w.org\/{rel}","templated":true}]}}