{"id":550284,"date":"2024-12-24T14:50:35","date_gmt":"2024-12-24T13:50:35","guid":{"rendered":"https:\/\/tilefly.com\/producto\/ama-grigio-rect-60x60\/"},"modified":"2024-12-24T15:11:52","modified_gmt":"2024-12-24T14:11:52","slug":"ama-grigio-rect-60x60","status":"publish","type":"product","link":"https:\/\/tilefly.com\/de\/produkt\/ama-grigio-rect-60x60\/","title":{"rendered":"AMA GRIGIO RECT 60X60"},"content":{"rendered":"<h2><strong>AMA GRIGIO RECT 60X60<\/strong><\/h2><p>AMA GRIGIO RECT 60X60 kombiniert einen modernen Grauton mit einer Textur aus Zementimitation. Er eignet sich perfekt f\u00fcr minimalistische Innenr\u00e4ume, hat eine matte Oberfl\u00e4che und ist rutschhemmend. Mehr \u00fcber die <a href=\"https:\/\/tilefly.com\/producto\/ama\/\">AMA-Serie erfahren Sie hier.<\/a>  <\/p>","protected":false},"excerpt":{"rendered":"<p>AMA GRIGIO RECT 60X60AMA GRIGIO RECT 60X60 kombiniert einen modernen Grauton mit einer Textur aus Zementimitation. Er eignet sich perfekt f\u00fcr minimalistische Innenr\u00e4ume, hat eine matte Oberfl\u00e4che und ist rutschhemmend. Mehr \u00fcber die AMA-Serie erfahren Sie hier.<\/p>\n","protected":false},"featured_media":549794,"comment_status":"open","ping_status":"closed","template":"","meta":[],"product_brand":[],"product_cat":[457,458,456,459],"product_tag":[],"class_list":{"0":"post-550284","1":"product","2":"type-product","3":"status-publish","4":"has-post-thumbnail","6":"product_cat-badezimmer","7":"product_cat-kuchen","8":"product_cat-vohnzimmer","9":"product_cat-wandfliesen","11":"first","12":"instock","13":"shipping-taxable","14":"purchasable","15":"product-type-simple"},"_links":{"self":[{"href":"https:\/\/tilefly.com\/de\/wp-json\/wp\/v2\/product\/550284","targetHints":{"allow":["GET"]}}],"collection":[{"href":"https:\/\/tilefly.com\/de\/wp-json\/wp\/v2\/product"}],"about":[{"href":"https:\/\/tilefly.com\/de\/wp-json\/wp\/v2\/types\/product"}],"replies":[{"embeddable":true,"href":"https:\/\/tilefly.com\/de\/wp-json\/wp\/v2\/comments?post=550284"}],"wp:featuredmedia":[{"embeddable":true,"href":"https:\/\/tilefly.com\/de\/wp-json\/wp\/v2\/media\/549794"}],"wp:attachment":[{"href":"https:\/\/tilefly.com\/de\/wp-json\/wp\/v2\/media?parent=550284"}],"wp:term":[{"taxonomy":"product_brand","embeddable":true,"href":"https:\/\/tilefly.com\/de\/wp-json\/wp\/v2\/product_brand?post=550284"},{"taxonomy":"product_cat","embeddable":true,"href":"https:\/\/tilefly.com\/de\/wp-json\/wp\/v2\/product_cat?post=550284"},{"taxonomy":"product_tag","embeddable":true,"href":"https:\/\/tilefly.com\/de\/wp-json\/wp\/v2\/product_tag?post=550284"}],"curies":[{"name":"wp","href":"https:\/\/api.w.org\/{rel}","templated":true}]}}