{"id":550278,"date":"2024-12-24T14:50:31","date_gmt":"2024-12-24T13:50:31","guid":{"rendered":"https:\/\/tilefly.com\/producto\/ama-avorio-rect-60x60\/"},"modified":"2024-12-24T15:11:45","modified_gmt":"2024-12-24T14:11:45","slug":"ama-avorio-rect-60x60","status":"publish","type":"product","link":"https:\/\/tilefly.com\/de\/produkt\/ama-avorio-rect-60x60\/","title":{"rendered":"AMA AVORIO RECT 60X60"},"content":{"rendered":"<h2><strong>AMA AVORIO REKT 60X60<\/strong><\/h2><p>AMA AVORIO RECT 60X60 in Elfenbein bringt Licht und W\u00e4rme in R\u00e4ume. Mit seiner matten Oberfl\u00e4che und dem rutschfesten Design ist er eine praktische und attraktive Option. Erfahren Sie <a href=\"https:\/\/tilefly.com\/producto\/ama\/\">hier<\/a> mehr \u00fcber die <a href=\"https:\/\/tilefly.com\/producto\/ama\/\">AMA-Serie<\/a>.  <\/p>","protected":false},"excerpt":{"rendered":"<p>AMA AVORIO REKT 60X60AMA AVORIO RECT 60X60 in Elfenbein bringt Licht und W\u00e4rme in R\u00e4ume. Mit seiner matten Oberfl\u00e4che und dem rutschfesten Design ist er eine praktische und attraktive Option. Erfahren Sie hier mehr \u00fcber die AMA-Serie.<\/p>\n","protected":false},"featured_media":549781,"comment_status":"open","ping_status":"closed","template":"","meta":[],"product_brand":[],"product_cat":[457,458,456,459],"product_tag":[],"class_list":{"0":"post-550278","1":"product","2":"type-product","3":"status-publish","4":"has-post-thumbnail","6":"product_cat-badezimmer","7":"product_cat-kuchen","8":"product_cat-vohnzimmer","9":"product_cat-wandfliesen","11":"first","12":"instock","13":"shipping-taxable","14":"purchasable","15":"product-type-simple"},"_links":{"self":[{"href":"https:\/\/tilefly.com\/de\/wp-json\/wp\/v2\/product\/550278","targetHints":{"allow":["GET"]}}],"collection":[{"href":"https:\/\/tilefly.com\/de\/wp-json\/wp\/v2\/product"}],"about":[{"href":"https:\/\/tilefly.com\/de\/wp-json\/wp\/v2\/types\/product"}],"replies":[{"embeddable":true,"href":"https:\/\/tilefly.com\/de\/wp-json\/wp\/v2\/comments?post=550278"}],"wp:featuredmedia":[{"embeddable":true,"href":"https:\/\/tilefly.com\/de\/wp-json\/wp\/v2\/media\/549781"}],"wp:attachment":[{"href":"https:\/\/tilefly.com\/de\/wp-json\/wp\/v2\/media?parent=550278"}],"wp:term":[{"taxonomy":"product_brand","embeddable":true,"href":"https:\/\/tilefly.com\/de\/wp-json\/wp\/v2\/product_brand?post=550278"},{"taxonomy":"product_cat","embeddable":true,"href":"https:\/\/tilefly.com\/de\/wp-json\/wp\/v2\/product_cat?post=550278"},{"taxonomy":"product_tag","embeddable":true,"href":"https:\/\/tilefly.com\/de\/wp-json\/wp\/v2\/product_tag?post=550278"}],"curies":[{"name":"wp","href":"https:\/\/api.w.org\/{rel}","templated":true}]}}