{"id":550267,"date":"2024-12-24T14:49:43","date_gmt":"2024-12-24T13:49:43","guid":{"rendered":"https:\/\/tilefly.com\/producto\/ama-avorio-rect-60x120\/"},"modified":"2024-12-24T15:11:38","modified_gmt":"2024-12-24T14:11:38","slug":"ama-avorio-rect-60x120","status":"publish","type":"product","link":"https:\/\/tilefly.com\/de\/produkt\/ama-avorio-rect-60x120\/","title":{"rendered":"AMA AVORIO RECT 60X120"},"content":{"rendered":"<h2><strong>AMA AVORIO REKT 60X120<\/strong><\/h2><p>AMA AVORIO RECT 60X120 in Elfenbein versch\u00f6nert jeden Raum mit seinem eleganten Design und seiner matten Oberfl\u00e4che. Diese Feinsteinzeugfliese ist ideal f\u00fcr Bodenbel\u00e4ge geeignet und verf\u00fcgt \u00fcber rutschhemmende Eigenschaften f\u00fcr mehr Sicherheit. Mehr \u00fcber die <a href=\"https:\/\/tilefly.com\/producto\/ama\/\">AMA-Serie erfahren Sie hier.<\/a>  <\/p>","protected":false},"excerpt":{"rendered":"<p>AMA AVORIO REKT 60X120AMA AVORIO RECT 60X120 in Elfenbein versch\u00f6nert jeden Raum mit seinem eleganten Design und seiner matten Oberfl\u00e4che. Diese Feinsteinzeugfliese ist ideal f\u00fcr Bodenbel\u00e4ge geeignet und verf\u00fcgt \u00fcber rutschhemmende Eigenschaften f\u00fcr mehr Sicherheit. Mehr \u00fcber die AMA-Serie erfahren Sie hier.<\/p>\n","protected":false},"featured_media":549716,"comment_status":"open","ping_status":"closed","template":"","meta":[],"product_brand":[],"product_cat":[457,458,456,459],"product_tag":[],"class_list":{"0":"post-550267","1":"product","2":"type-product","3":"status-publish","4":"has-post-thumbnail","6":"product_cat-badezimmer","7":"product_cat-kuchen","8":"product_cat-vohnzimmer","9":"product_cat-wandfliesen","11":"first","12":"instock","13":"shipping-taxable","14":"purchasable","15":"product-type-simple"},"_links":{"self":[{"href":"https:\/\/tilefly.com\/de\/wp-json\/wp\/v2\/product\/550267","targetHints":{"allow":["GET"]}}],"collection":[{"href":"https:\/\/tilefly.com\/de\/wp-json\/wp\/v2\/product"}],"about":[{"href":"https:\/\/tilefly.com\/de\/wp-json\/wp\/v2\/types\/product"}],"replies":[{"embeddable":true,"href":"https:\/\/tilefly.com\/de\/wp-json\/wp\/v2\/comments?post=550267"}],"wp:featuredmedia":[{"embeddable":true,"href":"https:\/\/tilefly.com\/de\/wp-json\/wp\/v2\/media\/549716"}],"wp:attachment":[{"href":"https:\/\/tilefly.com\/de\/wp-json\/wp\/v2\/media?parent=550267"}],"wp:term":[{"taxonomy":"product_brand","embeddable":true,"href":"https:\/\/tilefly.com\/de\/wp-json\/wp\/v2\/product_brand?post=550267"},{"taxonomy":"product_cat","embeddable":true,"href":"https:\/\/tilefly.com\/de\/wp-json\/wp\/v2\/product_cat?post=550267"},{"taxonomy":"product_tag","embeddable":true,"href":"https:\/\/tilefly.com\/de\/wp-json\/wp\/v2\/product_tag?post=550267"}],"curies":[{"name":"wp","href":"https:\/\/api.w.org\/{rel}","templated":true}]}}