{"id":550226,"date":"2024-12-24T14:48:40","date_gmt":"2024-12-24T13:48:40","guid":{"rendered":"https:\/\/tilefly.com\/producto\/ricetta-tortora-rect-90x90\/"},"modified":"2024-12-24T15:11:08","modified_gmt":"2024-12-24T14:11:08","slug":"ricetta-tortora-rect-90x90","status":"publish","type":"product","link":"https:\/\/tilefly.com\/de\/produkt\/ricetta-tortora-rect-90x90\/","title":{"rendered":"RICETTA TORTORA RECT 90X90"},"content":{"rendered":"<h2><strong>RICETTA TORTORA RECT 90X90<\/strong><\/h2><p>RICETTA Tortora RECT 90&#215;90 besticht durch sein innovatives Design mit eingelegten warmen T\u00f6nen auf einem braunen Hintergrund, der Zement imitiert. Mit seiner matten Oberfl\u00e4che und den rutschfesten Eigenschaften ist er perfekt f\u00fcr moderne und kreative R\u00e4ume. Erfahren Sie <a href=\"https:\/\/tilefly.com\/producto\/ama\/\">hier<\/a> mehr \u00fcber die <a href=\"https:\/\/tilefly.com\/producto\/ama\/\">AMA-Serie<\/a>.  <\/p>","protected":false},"excerpt":{"rendered":"<p>RICETTA TORTORA RECT 90X90RICETTA Tortora RECT 90&#215;90 besticht durch sein innovatives Design mit eingelegten warmen T\u00f6nen auf einem braunen Hintergrund, der Zement imitiert. Mit seiner matten Oberfl\u00e4che und den rutschfesten Eigenschaften ist er perfekt f\u00fcr moderne und kreative R\u00e4ume. Erfahren Sie hier mehr \u00fcber die AMA-Serie.<\/p>\n","protected":false},"featured_media":549560,"comment_status":"open","ping_status":"closed","template":"","meta":[],"product_brand":[],"product_cat":[457,458,456,459],"product_tag":[],"class_list":{"0":"post-550226","1":"product","2":"type-product","3":"status-publish","4":"has-post-thumbnail","6":"product_cat-badezimmer","7":"product_cat-kuchen","8":"product_cat-vohnzimmer","9":"product_cat-wandfliesen","11":"first","12":"instock","13":"shipping-taxable","14":"purchasable","15":"product-type-simple"},"_links":{"self":[{"href":"https:\/\/tilefly.com\/de\/wp-json\/wp\/v2\/product\/550226","targetHints":{"allow":["GET"]}}],"collection":[{"href":"https:\/\/tilefly.com\/de\/wp-json\/wp\/v2\/product"}],"about":[{"href":"https:\/\/tilefly.com\/de\/wp-json\/wp\/v2\/types\/product"}],"replies":[{"embeddable":true,"href":"https:\/\/tilefly.com\/de\/wp-json\/wp\/v2\/comments?post=550226"}],"wp:featuredmedia":[{"embeddable":true,"href":"https:\/\/tilefly.com\/de\/wp-json\/wp\/v2\/media\/549560"}],"wp:attachment":[{"href":"https:\/\/tilefly.com\/de\/wp-json\/wp\/v2\/media?parent=550226"}],"wp:term":[{"taxonomy":"product_brand","embeddable":true,"href":"https:\/\/tilefly.com\/de\/wp-json\/wp\/v2\/product_brand?post=550226"},{"taxonomy":"product_cat","embeddable":true,"href":"https:\/\/tilefly.com\/de\/wp-json\/wp\/v2\/product_cat?post=550226"},{"taxonomy":"product_tag","embeddable":true,"href":"https:\/\/tilefly.com\/de\/wp-json\/wp\/v2\/product_tag?post=550226"}],"curies":[{"name":"wp","href":"https:\/\/api.w.org\/{rel}","templated":true}]}}